{"id":1939,"date":"2019-01-09T14:45:45","date_gmt":"2019-01-09T14:45:45","guid":{"rendered":"https:\/\/www.alfaprinting.es\/servicios\/"},"modified":"2021-01-20T13:45:26","modified_gmt":"2021-01-20T13:45:26","slug":"serveis","status":"publish","type":"page","link":"https:\/\/www.alfaprinting.es\/ca\/serveis\/","title":{"rendered":"Serveis"},"content":{"rendered":"[vc_row full_width=&#8221;stretch_row&#8221; remove_bottom_col_margin=&#8221;true&#8221; css=&#8221;.vc_custom_1548196103433{padding-top: 15px !important;padding-bottom: 7% !important;}&#8221;][vc_column]<div class=\"vcex-module vcex-divider-multicolor wpex-flex wpex-max-w-100 wpex-m-auto wpex-clr\" style=\"width:5%;\"><span class=\"wpex-flex-grow\" style=\"background:#009bdc;height:2px;\"><\/span><span class=\"wpex-flex-grow\" style=\"background:#de0077;height:2px;\"><\/span><span class=\"wpex-flex-grow\" style=\"background:#feee00;height:2px;\"><\/span><span class=\"wpex-flex-grow\" style=\"background:#000000;height:2px;\"><\/span><\/div><h2 class=\"vcex-module vcex-heading wpex-text-2xl wpex-font-normal wpex-m-auto wpex-max-w-100 vcex-heading-plain wpex-block wpex-text-center aligncenter vc_custom_1553880695978\" style=\"font-size:37px;width:900px;\"><span class=\"vcex-heading-inner wpex-inline-block wpex-clr\">Ambici\u00f3, Responsabilitat, Complicitat i Cooperaci\u00f3 amb els nostres clients<\/span><\/h2>[vc_column_text text_align=&#8221;center&#8221; font_family=&#8221;Open Sans&#8221; font_size=&#8221;18&#8243; line_height=&#8221;1.8&#8243; font_weight=&#8221;100&#8243; css=&#8221;.vc_custom_1553880712000{padding-right: 10% !important;padding-left: 10% !important;}&#8221;]Desenvolupem una professi\u00f3 que considerem apassionant a m\u00e9s de involucrada en el progr\u00e9s general.[\/vc_column_text][vc_row_inner equal_height=&#8221;yes&#8221; gap=&#8221;30&#8243; remove_bottom_col_margin=&#8221;true&#8221; css=&#8221;.vc_custom_1548418031469{padding-top: 60px !important;}&#8221; el_class=&#8221;ombra&#8221;][vc_column_inner el_class=&#8221;border-outline&#8221; width=&#8221;1\/3&#8243; css=&#8221;.vc_custom_1548267272388{border-top-width: 5px !important;border-right-width: 5px !important;border-bottom-width: 5px !important;border-left-width: 5px !important;padding-top: 40px !important;padding-right: 40px !important;padding-bottom: 40px !important;padding-left: 40px !important;background-color: #f7f9fc !important;border-left-color: #ffffff !important;border-left-style: solid !important;border-right-color: #ffffff !important;border-right-style: solid !important;border-top-color: #ffffff !important;border-top-style: solid !important;border-bottom-color: #ffffff !important;border-bottom-style: solid !important;}&#8221;][vc_icon icon_fontawesome=&#8221;fa fa-desktop&#8221; color=&#8221;custom&#8221; background_style=&#8221;rounded-outline&#8221; background_color=&#8221;custom&#8221; align=&#8221;center&#8221; custom_color=&#8221;#de0077&#8243; custom_background_color=&#8221;#de0077&#8243; css=&#8221;.vc_custom_1548416180552{margin-bottom: 20px !important;}&#8221;]<h3 class=\"vcex-module vcex-heading wpex-text-2xl wpex-font-normal wpex-m-auto wpex-max-w-100 vcex-heading-plain wpex-block wpex-text-center vc_custom_1553880719625\" style=\"font-weight:600;line-height:1.3;\"><span class=\"vcex-heading-inner wpex-inline-block wpex-clr\">Preimpressi\u00f3<\/span><\/h3>[vc_column_text text_align=&#8221;center&#8221;]Conjunt de processos previs a la impressi\u00f3 de l&#8217;element gr\u00e0fic (originals, tractament de textos i imatges etc&#8230;).[\/vc_column_text]<div class=\"vc_custom_1553860468761 wpex-clr\"><div class=\"textcenter theme-button-wrap wpex-clr\"><a href=\"https:\/\/www.alfaprinting.es\/ca\/serveis\/preimpressio\/\" class=\"vcex-button theme-button black align-center inline\" style=\"background:rgba(0,0,0,0.01);padding-top:8px;padding-right:20px;padding-bottom:8px;padding-left:20px;color:#009bdc;border:2px solid #009bdc;font-size:12px;border-radius:100px;text-transform:uppercase;\" data-wpex-hover='{&quot;background&quot;:&quot;#009bdc&quot;,&quot;color&quot;:&quot;#ffffff&quot;}'><span class=\"theme-button-inner\">M\u00e9s informaci\u00f3<span class=\"vcex-icon-wrap theme-button-icon-right wpex-transition-transform wpex-duration-200\" data-wpex-hover=\"{&quot;parent&quot;:&quot;.vcex-button&quot;,&quot;transform&quot;:&quot;translateX(5px)&quot;}\"><span class=\"ticon ticon-angle-right\" aria-hidden=\"true\"><\/span><\/span><\/span><\/a><\/div><\/div> [\/vc_column_inner][vc_column_inner el_class=&#8221;border-outline&#8221; width=&#8221;1\/3&#8243; css=&#8221;.vc_custom_1548249721999{border-top-width: 5px !important;border-right-width: 5px !important;border-bottom-width: 5px !important;border-left-width: 5px !important;padding-top: 40px !important;padding-right: 40px !important;padding-bottom: 40px !important;padding-left: 40px !important;background-color: #f7f9fc !important;border-left-color: #ffffff !important;border-left-style: solid !important;border-right-color: #ffffff !important;border-right-style: solid !important;border-top-color: #ffffff !important;border-top-style: solid !important;border-bottom-color: #ffffff !important;border-bottom-style: solid !important;}&#8221;][vc_icon icon_fontawesome=&#8221;fa fa-print&#8221; color=&#8221;custom&#8221; background_style=&#8221;rounded-outline&#8221; background_color=&#8221;custom&#8221; align=&#8221;center&#8221; custom_color=&#8221;#de0077&#8243; custom_background_color=&#8221;#de0077&#8243; css=&#8221;.vc_custom_1548416270086{margin-bottom: 20px !important;}&#8221;]<h3 class=\"vcex-module vcex-heading wpex-text-2xl wpex-font-normal wpex-m-auto wpex-max-w-100 vcex-heading-plain wpex-block wpex-text-center vc_custom_1553880751080\" style=\"font-weight:600;line-height:1.3;\"><span class=\"vcex-heading-inner wpex-inline-block wpex-clr\">Impressi\u00f3<\/span><\/h3>[vc_column_text text_align=&#8221;center&#8221;]Oferim un servei d&#8217;impressi\u00f3 offset i digital amb assessorament personalitzat i professional.[\/vc_column_text]<div class=\"vc_custom_1553860544712 wpex-clr\"><div class=\"textcenter theme-button-wrap wpex-clr\"><a href=\"https:\/\/www.alfaprinting.es\/ca\/serveis\/impressio\/\" class=\"vcex-button theme-button black align-center inline\" style=\"background:rgba(0,0,0,0.01);padding-top:8px;padding-right:20px;padding-bottom:8px;padding-left:20px;color:#009bdc;border:2px solid #009bdc;font-size:12px;border-radius:100px;text-transform:uppercase;\" data-wpex-hover='{&quot;background&quot;:&quot;#009bdc&quot;,&quot;color&quot;:&quot;#ffffff&quot;}'><span class=\"theme-button-inner\">M\u00e9s informaci\u00f3<span class=\"vcex-icon-wrap theme-button-icon-right wpex-transition-transform wpex-duration-200\" data-wpex-hover=\"{&quot;parent&quot;:&quot;.vcex-button&quot;,&quot;transform&quot;:&quot;translateX(5px)&quot;}\"><span class=\"ticon ticon-angle-right\" aria-hidden=\"true\"><\/span><\/span><\/span><\/a><\/div><\/div> [\/vc_column_inner][vc_column_inner el_class=&#8221;border-outline&#8221; width=&#8221;1\/3&#8243; css=&#8221;.vc_custom_1548249742269{border-top-width: 5px !important;border-right-width: 5px !important;border-bottom-width: 5px !important;border-left-width: 5px !important;padding-top: 40px !important;padding-right: 40px !important;padding-bottom: 40px !important;padding-left: 40px !important;background-color: #f7f9fc !important;border-left-color: #ffffff !important;border-left-style: solid !important;border-right-color: #ffffff !important;border-right-style: solid !important;border-top-color: #ffffff !important;border-top-style: solid !important;border-bottom-color: #ffffff !important;border-bottom-style: solid !important;}&#8221;][vc_icon icon_fontawesome=&#8221;fa fa-map-o&#8221; color=&#8221;custom&#8221; background_style=&#8221;rounded-outline&#8221; background_color=&#8221;custom&#8221; align=&#8221;center&#8221; custom_color=&#8221;#de0077&#8243; custom_background_color=&#8221;#de0077&#8243; css=&#8221;.vc_custom_1548416368101{margin-bottom: 20px !important;}&#8221;]<h3 class=\"vcex-module vcex-heading wpex-text-2xl wpex-font-normal wpex-m-auto wpex-max-w-100 vcex-heading-plain wpex-block wpex-text-center vc_custom_1553880759320\" style=\"font-weight:600;line-height:1.3;\"><span class=\"vcex-heading-inner wpex-inline-block wpex-clr\">Acabats<\/span><\/h3>[vc_column_text text_align=&#8221;center&#8221;]Aconseguit el plec impr\u00e8s amb els m\u00e9s alts est\u00e0ndards de qualitat procedim a transformar-lo en el producte gr\u00e0fic final.[\/vc_column_text]<div class=\"vc_custom_1553860557151 wpex-clr\"><div class=\"textcenter theme-button-wrap wpex-clr\"><a href=\"https:\/\/www.alfaprinting.es\/ca\/serveis\/acabats\/\" class=\"vcex-button theme-button black align-center inline\" style=\"background:rgba(0,0,0,0.01);padding-top:8px;padding-right:20px;padding-bottom:8px;padding-left:20px;color:#009bdc;border:2px solid #009bdc;font-size:12px;border-radius:100px;text-transform:uppercase;\" data-wpex-hover='{&quot;background&quot;:&quot;#009bdc&quot;,&quot;color&quot;:&quot;#ffffff&quot;}'><span class=\"theme-button-inner\">M\u00e9s informaci\u00f3<span class=\"vcex-icon-wrap theme-button-icon-right wpex-transition-transform wpex-duration-200\" data-wpex-hover=\"{&quot;parent&quot;:&quot;.vcex-button&quot;,&quot;transform&quot;:&quot;translateX(5px)&quot;}\"><span class=\"ticon ticon-angle-right\" aria-hidden=\"true\"><\/span><\/span><\/span><\/a><\/div><\/div> [\/vc_column_inner][\/vc_row_inner][vc_row_inner equal_height=&#8221;yes&#8221; gap=&#8221;30&#8243; remove_bottom_col_margin=&#8221;true&#8221;][vc_column_inner width=&#8221;1\/6&#8243;][\/vc_column_inner][vc_column_inner el_class=&#8221;border-outline ombra&#8221; width=&#8221;1\/3&#8243; css=&#8221;.vc_custom_1548250076928{border-top-width: 5px !important;border-right-width: 5px !important;border-bottom-width: 5px !important;border-left-width: 5px !important;padding-top: 40px !important;padding-right: 40px !important;padding-bottom: 40px !important;padding-left: 40px !important;background-color: #f7f9fc !important;border-left-color: #ffffff !important;border-left-style: solid !important;border-right-color: #ffffff !important;border-right-style: solid !important;border-top-color: #ffffff !important;border-top-style: solid !important;border-bottom-color: #ffffff !important;border-bottom-style: solid !important;}&#8221;][vc_icon icon_fontawesome=&#8221;fa fa-truck&#8221; color=&#8221;custom&#8221; background_style=&#8221;rounded-outline&#8221; background_color=&#8221;custom&#8221; align=&#8221;center&#8221; custom_color=&#8221;#de0077&#8243; custom_background_color=&#8221;#de0077&#8243; css=&#8221;.vc_custom_1548416594177{margin-bottom: 20px !important;}&#8221;]<h3 class=\"vcex-module vcex-heading wpex-text-2xl wpex-font-normal wpex-m-auto wpex-max-w-100 vcex-heading-plain wpex-block wpex-text-center vc_custom_1553880776401\" style=\"font-weight:600;line-height:1.3;\"><span class=\"vcex-heading-inner wpex-inline-block wpex-clr\">Log\u00edstica<\/span><\/h3>[vc_column_text text_align=&#8221;center&#8221;]La finalitzaci\u00f3 de la producci\u00f3 s&#8217;orienta a la preparaci\u00f3 del material per al seu lliurament.[\/vc_column_text]<div class=\"vc_custom_1553860570446 wpex-clr\"><div class=\"textcenter theme-button-wrap wpex-clr\"><a href=\"https:\/\/www.alfaprinting.es\/ca\/serveis\/logistica\/\" class=\"vcex-button theme-button black align-center inline\" style=\"background:rgba(0,0,0,0.01);padding-top:8px;padding-right:20px;padding-bottom:8px;padding-left:20px;color:#009bdc;border:2px solid #009bdc;font-size:12px;border-radius:100px;text-transform:uppercase;\" data-wpex-hover='{&quot;background&quot;:&quot;#009bdc&quot;,&quot;color&quot;:&quot;#ffffff&quot;}'><span class=\"theme-button-inner\">M\u00e9s informaci\u00f3<span class=\"vcex-icon-wrap theme-button-icon-right wpex-transition-transform wpex-duration-200\" data-wpex-hover=\"{&quot;parent&quot;:&quot;.vcex-button&quot;,&quot;transform&quot;:&quot;translateX(5px)&quot;}\"><span class=\"ticon ticon-angle-right\" aria-hidden=\"true\"><\/span><\/span><\/span><\/a><\/div><\/div> [\/vc_column_inner][vc_column_inner el_class=&#8221;border-outline ombra&#8221; width=&#8221;1\/3&#8243; css=&#8221;.vc_custom_1548250079864{border-top-width: 5px !important;border-right-width: 5px !important;border-bottom-width: 5px !important;border-left-width: 5px !important;padding-top: 40px !important;padding-right: 40px !important;padding-bottom: 40px !important;padding-left: 40px !important;background-color: #f7f9fc !important;border-left-color: #ffffff !important;border-left-style: solid !important;border-right-color: #ffffff !important;border-right-style: solid !important;border-top-color: #ffffff !important;border-top-style: solid !important;border-bottom-color: #ffffff !important;border-bottom-style: solid !important;}&#8221;][vc_icon icon_fontawesome=&#8221;fa fa-handshake-o&#8221; color=&#8221;custom&#8221; background_style=&#8221;rounded-outline&#8221; background_color=&#8221;custom&#8221; align=&#8221;center&#8221; custom_color=&#8221;#de0077&#8243; custom_background_color=&#8221;#de0077&#8243; css=&#8221;.vc_custom_1548416585955{margin-bottom: 20px !important;}&#8221;]<h3 class=\"vcex-module vcex-heading wpex-text-2xl wpex-font-normal wpex-m-auto wpex-max-w-100 vcex-heading-plain wpex-block wpex-text-center vc_custom_1553880797040\" style=\"font-weight:600;line-height:1.3;\"><span class=\"vcex-heading-inner wpex-inline-block wpex-clr\">Outsourcing<\/span><\/h3>[vc_column_text text_align=&#8221;center&#8221;]\u00c9s la nostra l\u00ednia de col\u00b7laboraci\u00f3 t\u00e8cnica especialitzada en la qual oferim un contracte de Print Management Outsourcing.[\/vc_column_text]<div class=\"vc_custom_1553860579694 wpex-clr\"><div class=\"textcenter theme-button-wrap wpex-clr\"><a href=\"https:\/\/www.alfaprinting.es\/ca\/serveis\/outsourcing\/\" class=\"vcex-button theme-button black align-center inline\" style=\"background:rgba(0,0,0,0.01);padding-top:8px;padding-right:20px;padding-bottom:8px;padding-left:20px;color:#009bdc;border:2px solid #009bdc;font-size:12px;border-radius:100px;text-transform:uppercase;\" data-wpex-hover='{&quot;background&quot;:&quot;#009bdc&quot;,&quot;color&quot;:&quot;#ffffff&quot;}'><span class=\"theme-button-inner\">M\u00e9s informaci\u00f3<span class=\"vcex-icon-wrap theme-button-icon-right wpex-transition-transform wpex-duration-200\" data-wpex-hover=\"{&quot;parent&quot;:&quot;.vcex-button&quot;,&quot;transform&quot;:&quot;translateX(5px)&quot;}\"><span class=\"ticon ticon-angle-right\" aria-hidden=\"true\"><\/span><\/span><\/span><\/a><\/div><\/div> [\/vc_column_inner][vc_column_inner width=&#8221;1\/6&#8243;][\/vc_column_inner][\/vc_row_inner][\/vc_column][\/vc_row][vc_row full_width=&#8221;stretch_row&#8221; css=&#8221;.vc_custom_1548266287019{padding-top: 7% !important;padding-bottom: 7% !important;background-color: #feee00 !important;}&#8221; el_class=&#8221;ombra-section&#8221;][vc_column]<h2 class=\"vcex-module vcex-heading wpex-text-2xl wpex-font-normal wpex-m-auto wpex-max-w-100 vcex-heading-plain wpex-block wpex-text-center aligncenter vc_custom_1553880834144\" style=\"color:#3f3f3f;font-size:30px;width:800px;\"><span class=\"vcex-heading-inner wpex-inline-block wpex-clr\">El nostre objectiu primordial \u00e9s aconseguir maximitzar l'\u00e8xit dels nostres clients.<\/span><\/h2><div class=\"textcenter theme-button-wrap wpex-clr\"><a href=\"https:\/\/www.alfaprinting.es\/ca\/contacte\/\" class=\"vcex-button theme-button black medium align-center inline\" style=\"background:#feee00;padding-top:15px;padding-right:35px;padding-bottom:15px;padding-left:35px;color:#3f3f3f;border:2px solid #3f3f3f;border-radius:100px;\" data-wpex-hover='{&quot;background&quot;:&quot;#3f3f3f&quot;,&quot;color&quot;:&quot;#ffffff&quot;}'><span class=\"theme-button-inner\">CONTACTI AMB NOSALTRES<span class=\"vcex-icon-wrap theme-button-icon-right wpex-transition-transform wpex-duration-200\" data-wpex-hover=\"{&quot;parent&quot;:&quot;.vcex-button&quot;,&quot;transform&quot;:&quot;translateX(10px)&quot;}\"><span class=\"ticon ticon-angle-right\" aria-hidden=\"true\"><\/span><\/span><\/span><\/a><\/div> [\/vc_column][\/vc_row]\n","protected":false},"excerpt":{"rendered":"<p>[vc_row full_width=&#8221;stretch_row&#8221; remove_bottom_col_margin=&#8221;true&#8221; css=&#8221;.vc_custom_1548196103433{padding-top: 15px !important;padding-bottom: 7% !important;}&#8221;][vc_column][vc_column_text text_align=&#8221;center&#8221; font_family=&#8221;Open Sans&#8221; font_size=&#8221;18&#8243; line_height=&#8221;1.8&#8243; font_weight=&#8221;100&#8243; css=&#8221;.vc_custom_1553880712000{padding-right: 10% !important;padding-left: 10% !important;}&#8221;]Desenvolupem una professi\u00f3 que considerem apassionant a m\u00e9s de involucrada en el progr\u00e9s general.[\/vc_column_text][vc_row_inner equal_height=&#8221;yes&#8221; gap=&#8221;30&#8243; remove_bottom_col_margin=&#8221;true&#8221; css=&#8221;.vc_custom_1548418031469{padding-top: 60px !important;}&#8221; el_class=&#8221;ombra&#8221;][vc_column_inner el_class=&#8221;border-outline&#8221;&hellip;<\/p>\n","protected":false},"author":1,"featured_media":0,"parent":0,"menu_order":0,"comment_status":"closed","ping_status":"closed","template":"","meta":[],"yoast_head":"<!-- This site is optimized with the Yoast SEO plugin v15.1.1 - https:\/\/yoast.com\/wordpress\/plugins\/seo\/ -->\n<title>Serveis complets d&#039;impressi\u00f3 | Alfa Printing<\/title>\n<meta name=\"description\" content=\"Oferim serveis d&#039;impressi\u00f3 cooperant en tot moment amb els nostres clients: preimpressi\u00f3, impressi\u00f3, acabats, log\u00edstica i outsourcing.\" \/>\n<meta name=\"robots\" content=\"index, follow, max-snippet:-1, max-image-preview:large, max-video-preview:-1\" \/>\n<link rel=\"canonical\" href=\"https:\/\/www.alfaprinting.es\/ca\/serveis\/\" \/>\n<meta property=\"og:locale\" content=\"ca_ES\" \/>\n<meta property=\"og:type\" content=\"article\" \/>\n<meta property=\"og:title\" content=\"Serveis complets d&#039;impressi\u00f3 | Alfa Printing\" \/>\n<meta property=\"og:description\" content=\"Oferim serveis d&#039;impressi\u00f3 cooperant en tot moment amb els nostres clients: preimpressi\u00f3, impressi\u00f3, acabats, log\u00edstica i outsourcing.\" \/>\n<meta property=\"og:url\" content=\"https:\/\/www.alfaprinting.es\/ca\/serveis\/\" \/>\n<meta property=\"og:site_name\" content=\"Alfa Printing\" \/>\n<meta property=\"article:modified_time\" content=\"2021-01-20T13:45:26+00:00\" \/>\n<meta property=\"og:image\" content=\"https:\/\/www.alfaprinting.es\/wp-content\/uploads\/2019\/01\/logo-Alfaprinting.png\" \/>\n\t<meta property=\"og:image:width\" content=\"515\" \/>\n\t<meta property=\"og:image:height\" content=\"123\" \/>\n<meta name=\"twitter:card\" content=\"summary_large_image\" \/>\n<meta name=\"twitter:creator\" content=\"@AlfaprintingBCN\" \/>\n<meta name=\"twitter:site\" content=\"@AlfaprintingBCN\" \/>\n<script type=\"application\/ld+json\" class=\"yoast-schema-graph\">{\"@context\":\"https:\/\/schema.org\",\"@graph\":[{\"@type\":\"Organization\",\"@id\":\"https:\/\/www.alfaprinting.es\/ca\/#organization\",\"name\":\"Alfa Printing\",\"url\":\"https:\/\/www.alfaprinting.es\/ca\/\",\"sameAs\":[\"https:\/\/www.linkedin.com\/in\/alfa-printing-s-l-31240653\/\",\"https:\/\/twitter.com\/AlfaprintingBCN\"],\"logo\":{\"@type\":\"ImageObject\",\"@id\":\"https:\/\/www.alfaprinting.es\/ca\/#logo\",\"inLanguage\":\"ca\",\"url\":\"https:\/\/www.alfaprinting.es\/wp-content\/uploads\/2019\/01\/logo-Alfaprinting.png\",\"width\":515,\"height\":123,\"caption\":\"Alfa Printing\"},\"image\":{\"@id\":\"https:\/\/www.alfaprinting.es\/ca\/#logo\"}},{\"@type\":\"WebSite\",\"@id\":\"https:\/\/www.alfaprinting.es\/ca\/#website\",\"url\":\"https:\/\/www.alfaprinting.es\/ca\/\",\"name\":\"Alfa Printing\",\"description\":\"Servicios de imprenta y producci\\u00f3n gr\\u00e1fica de alta calidad\",\"publisher\":{\"@id\":\"https:\/\/www.alfaprinting.es\/ca\/#organization\"},\"potentialAction\":[{\"@type\":\"SearchAction\",\"target\":\"https:\/\/www.alfaprinting.es\/ca\/?s={search_term_string}\",\"query-input\":\"required name=search_term_string\"}],\"inLanguage\":\"ca\"},{\"@type\":\"WebPage\",\"@id\":\"https:\/\/www.alfaprinting.es\/ca\/serveis\/#webpage\",\"url\":\"https:\/\/www.alfaprinting.es\/ca\/serveis\/\",\"name\":\"Serveis complets d'impressi\\u00f3 | Alfa Printing\",\"isPartOf\":{\"@id\":\"https:\/\/www.alfaprinting.es\/ca\/#website\"},\"datePublished\":\"2019-01-09T14:45:45+00:00\",\"dateModified\":\"2021-01-20T13:45:26+00:00\",\"description\":\"Oferim serveis d'impressi\\u00f3 cooperant en tot moment amb els nostres clients: preimpressi\\u00f3, impressi\\u00f3, acabats, log\\u00edstica i outsourcing.\",\"breadcrumb\":{\"@id\":\"https:\/\/www.alfaprinting.es\/ca\/serveis\/#breadcrumb\"},\"inLanguage\":\"ca\",\"potentialAction\":[{\"@type\":\"ReadAction\",\"target\":[\"https:\/\/www.alfaprinting.es\/ca\/serveis\/\"]}]},{\"@type\":\"BreadcrumbList\",\"@id\":\"https:\/\/www.alfaprinting.es\/ca\/serveis\/#breadcrumb\",\"itemListElement\":[{\"@type\":\"ListItem\",\"position\":1,\"item\":{\"@type\":\"WebPage\",\"@id\":\"https:\/\/www.alfaprinting.es\/ca\/\",\"url\":\"https:\/\/www.alfaprinting.es\/ca\/\",\"name\":\"Portada\"}},{\"@type\":\"ListItem\",\"position\":2,\"item\":{\"@type\":\"WebPage\",\"@id\":\"https:\/\/www.alfaprinting.es\/ca\/serveis\/\",\"url\":\"https:\/\/www.alfaprinting.es\/ca\/serveis\/\",\"name\":\"Serveis\"}}]}]}<\/script>\n<!-- \/ Yoast SEO plugin. -->","_links":{"self":[{"href":"https:\/\/www.alfaprinting.es\/ca\/wp-json\/wp\/v2\/pages\/1939\/"}],"collection":[{"href":"https:\/\/www.alfaprinting.es\/ca\/wp-json\/wp\/v2\/pages\/"}],"about":[{"href":"https:\/\/www.alfaprinting.es\/ca\/wp-json\/wp\/v2\/types\/page\/"}],"author":[{"embeddable":true,"href":"https:\/\/www.alfaprinting.es\/ca\/wp-json\/wp\/v2\/users\/1\/"}],"replies":[{"embeddable":true,"href":"https:\/\/www.alfaprinting.es\/ca\/wp-json\/wp\/v2\/comments\/?post=1939"}],"version-history":[{"count":5,"href":"https:\/\/www.alfaprinting.es\/ca\/wp-json\/wp\/v2\/pages\/1939\/revisions\/"}],"predecessor-version":[{"id":1941,"href":"https:\/\/www.alfaprinting.es\/ca\/wp-json\/wp\/v2\/pages\/1939\/revisions\/1941\/"}],"wp:attachment":[{"href":"https:\/\/www.alfaprinting.es\/ca\/wp-json\/wp\/v2\/media\/?parent=1939"}],"curies":[{"name":"wp","href":"https:\/\/api.w.org\/{rel}","templated":true}]}}