{"id":1944,"date":"2019-01-24T23:25:56","date_gmt":"2019-01-24T23:25:56","guid":{"rendered":"https:\/\/www.alfaprinting.es\/serveis\/preimpresion\/"},"modified":"2024-03-25T16:53:27","modified_gmt":"2024-03-25T16:53:27","slug":"preimpressio","status":"publish","type":"page","link":"https:\/\/www.alfaprinting.es\/ca\/serveis\/preimpressio\/","title":{"rendered":"Preimpressi\u00f3"},"content":{"rendered":"[vc_row full_width=&#8221;stretch_row&#8221; remove_bottom_col_margin=&#8221;true&#8221; css=&#8221;.vc_custom_1548413015497{margin-top: 0px !important;padding-top: 0px !important;padding-bottom: 8% !important;}&#8221;][vc_column]<span class=\"vcex-module vcex-heading wpex-text-2xl wpex-font-normal wpex-m-auto wpex-max-w-100 vcex-heading-plain wpex-block wpex-text-center aligncenter vc_custom_1711385417935\" style=\"color:#009bdc;font-family:&#039;PT Sans&#039;,sans-serif;font-size:17px;letter-spacing:1px;font-weight:600;text-transform:uppercase;line-height:1.4;width:900px;\"><span class=\"vcex-heading-inner wpex-inline-block wpex-clr\">SERVEIS<\/span><\/span><div class=\"vcex-module vcex-divider-multicolor wpex-flex wpex-max-w-100 wpex-m-auto wpex-clr\" style=\"width:5%;\"><span class=\"wpex-flex-grow\" style=\"background:#009bdc;height:2px;\"><\/span><span class=\"wpex-flex-grow\" style=\"background:#de0077;height:2px;\"><\/span><span class=\"wpex-flex-grow\" style=\"background:#feee00;height:2px;\"><\/span><span class=\"wpex-flex-grow\" style=\"background:#000000;height:2px;\"><\/span><\/div><h1 class=\"vcex-module vcex-heading wpex-text-2xl wpex-font-normal wpex-m-auto wpex-max-w-100 vcex-heading-plain wpex-block wpex-text-center aligncenter vc_custom_1711385604557\" style=\"font-size:37px;width:900px;\"><span class=\"vcex-heading-inner wpex-inline-block wpex-clr\">Preimpressi\u00f3<\/span><\/h1>[vc_column_text text_align=&#8221;center&#8221; font_family=&#8221;Open Sans&#8221; font_size=&#8221;18&#8243; line_height=&#8221;1.8&#8243; font_weight=&#8221;100&#8243; css=&#8221;.vc_custom_1553880880053{padding-right: 10% !important;padding-left: 10% !important;}&#8221;]O el conjunt de processos previs a la impressi\u00f3 de l&#8217;element gr\u00e0fic (originals, tractament de textos i imatges etc&#8230;).[\/vc_column_text][vc_row_inner equal_height=&#8221;yes&#8221; content_placement=&#8221;top&#8221; gap=&#8221;30&#8243; css=&#8221;.vc_custom_1622193702404{margin-top: 4% !important;}&#8221;][vc_column_inner el_class=&#8221;ombra border-outline&#8221; width=&#8221;1\/2&#8243; css=&#8221;.vc_custom_1552313599507{border-top-width: 5px !important;border-right-width: 5px !important;border-bottom-width: 5px !important;border-left-width: 5px !important;padding-top: 40px !important;padding-right: 40px !important;padding-bottom: 88px !important;padding-left: 40px !important;background-color: #f7f9fc !important;border-left-color: #ffffff !important;border-right-color: #ffffff !important;border-top-color: #ffffff !important;border-bottom-color: #ffffff !important;}&#8221;][vc_icon icon_fontawesome=&#8221;fa fa-check&#8221; color=&#8221;custom&#8221; background_style=&#8221;rounded&#8221; background_color=&#8221;custom&#8221; size=&#8221;xs&#8221; align=&#8221;center&#8221; custom_color=&#8221;#ffffff&#8221; custom_background_color=&#8221;#de0077&#8243; css=&#8221;.vc_custom_1548359835214{margin-top: -60px !important;margin-bottom: 20px !important;}&#8221;]<h4 class=\"vcex-module vcex-heading wpex-text-2xl wpex-font-normal wpex-m-auto wpex-max-w-100 vcex-heading-plain wpex-block wpex-text-center vc_custom_1553880887625\" style=\"font-weight:600;\"><span class=\"vcex-heading-inner wpex-inline-block wpex-clr\">Tractament<\/span><\/h4>[vc_column_text text_align=&#8221;left&#8221;]Podem tractar les seves Arts Finals tant en MAC com en PC i retocar-les en cas necessari, per garantir un acabat de qualitat, aix\u00ed com realitzar muntatges digitals per a un m\u00e0xim ajust dels dissenys que ens permetin una impressi\u00f3 \u00f2ptima.[\/vc_column_text][\/vc_column_inner][vc_column_inner el_class=&#8221;ombra border-outline&#8221; width=&#8221;1\/2&#8243; css=&#8221;.vc_custom_1550850597121{padding-right: 0px !important;padding-left: 0px !important;}&#8221;]<figure class=\"vcex-image vcex-module wpex-clr textcenter\"><div class=\"vcex-image-inner wpex-inline-block wpex-relative vc_custom_1622193685448\"><img loading=\"lazy\" class=\"wpex-align-middle\" src=\"https:\/\/www.alfaprinting.es\/wp-content\/uploads\/2021\/05\/CtP.jpg\" alt=\"\" width=\"1250\" height=\"600\" \/><\/div><\/figure>[\/vc_column_inner][\/vc_row_inner][vc_row_inner content_placement=&#8221;top&#8221; gap=&#8221;30&#8243; css=&#8221;.vc_custom_1552313388607{margin-top: 4% !important;}&#8221;][vc_column_inner el_class=&#8221;ombra border-outline&#8221; width=&#8221;1\/2&#8243; css=&#8221;.vc_custom_1550850677424{padding-right: 0px !important;padding-left: 0px !important;}&#8221;]<figure class=\"vcex-image vcex-module wpex-clr textcenter\"><div class=\"vcex-image-inner wpex-inline-block wpex-relative vc_custom_1550850644431\"><img loading=\"lazy\" class=\"wpex-align-middle\" src=\"https:\/\/www.alfaprinting.es\/wp-content\/uploads\/2019\/02\/CTP-2.jpg\" alt=\"\" width=\"1000\" height=\"458\" \/><\/div><\/figure>[\/vc_column_inner][vc_column_inner el_class=&#8221;ombra border-outline&#8221; width=&#8221;1\/2&#8243; css=&#8221;.vc_custom_1552313609858{border-top-width: 5px !important;border-right-width: 5px !important;border-bottom-width: 5px !important;border-left-width: 5px !important;padding-top: 40px !important;padding-right: 40px !important;padding-bottom: 88px !important;padding-left: 40px !important;background-color: #f7f9fc !important;border-left-color: #ffffff !important;border-left-style: solid !important;border-right-color: #ffffff !important;border-right-style: solid !important;border-top-color: #ffffff !important;border-top-style: solid !important;border-bottom-color: #ffffff !important;border-bottom-style: solid !important;}&#8221;][vc_icon icon_fontawesome=&#8221;fa fa-check&#8221; color=&#8221;custom&#8221; background_style=&#8221;rounded&#8221; background_color=&#8221;custom&#8221; size=&#8221;xs&#8221; align=&#8221;center&#8221; custom_color=&#8221;#ffffff&#8221; custom_background_color=&#8221;#de0077&#8243; css=&#8221;.vc_custom_1548415362655{margin-top: -60px !important;margin-bottom: 20px !important;}&#8221;]<h4 class=\"vcex-module vcex-heading wpex-text-2xl wpex-font-normal wpex-m-auto wpex-max-w-100 vcex-heading-plain wpex-block wpex-text-center vc_custom_1553880905046\" style=\"font-weight:600;\"><span class=\"vcex-heading-inner wpex-inline-block wpex-clr\">Validaci\u00f3<\/span><\/h4>[vc_column_text text_align=&#8221;left&#8221;]Presentaci\u00f3 de plotter i proves-color certificades ISO, quan aquestes es requereixin, per a la seva validaci\u00f3 i posterior processament de planxes amb tecnologia Computer to Plate (CTP), per al cas de la producci\u00f3 Offset, o b\u00e9 llan\u00e7at directe a producci\u00f3 Digital.[\/vc_column_text][\/vc_column_inner][\/vc_row_inner][\/vc_column][\/vc_row][vc_row full_width=&#8221;stretch_row&#8221; css=&#8221;.vc_custom_1548266287019{padding-top: 7% !important;padding-bottom: 7% !important;background-color: #feee00 !important;}&#8221; el_class=&#8221;ombra-section&#8221;][vc_column]<h2 class=\"vcex-module vcex-heading wpex-text-2xl wpex-font-normal wpex-m-auto wpex-max-w-100 vcex-heading-plain wpex-block wpex-text-center aligncenter vc_custom_1553880922982\" style=\"color:#3f3f3f;font-size:30px;width:800px;\"><span class=\"vcex-heading-inner wpex-inline-block wpex-clr\">El nostre objectiu primordial \u00e9s aconseguir maximitzar l'\u00e8xit dels nostres clients.<\/span><\/h2><div class=\"textcenter theme-button-wrap wpex-clr\"><a href=\"https:\/\/www.alfaprinting.es\/ca\/contacte\/\" class=\"vcex-button theme-button black medium align-center inline\" style=\"background:#feee00;padding-top:15px;padding-right:35px;padding-bottom:15px;padding-left:35px;color:#3f3f3f;border:2px solid #3f3f3f;border-radius:100px;\" data-wpex-hover='{&quot;background&quot;:&quot;#3f3f3f&quot;,&quot;color&quot;:&quot;#ffffff&quot;}'><span class=\"theme-button-inner\">CONTACTI AMB NOSALTRES<span class=\"vcex-icon-wrap theme-button-icon-right wpex-transition-transform wpex-duration-200\" data-wpex-hover=\"{&quot;parent&quot;:&quot;.vcex-button&quot;,&quot;transform&quot;:&quot;translateX(10px)&quot;}\"><span class=\"ticon ticon-angle-right\" aria-hidden=\"true\"><\/span><\/span><\/span><\/a><\/div> [\/vc_column][\/vc_row]\n","protected":false},"excerpt":{"rendered":"<p>[vc_row full_width=&#8221;stretch_row&#8221; remove_bottom_col_margin=&#8221;true&#8221; css=&#8221;.vc_custom_1548413015497{margin-top: 0px !important;padding-top: 0px !important;padding-bottom: 8% !important;}&#8221;][vc_column][vc_column_text text_align=&#8221;center&#8221; font_family=&#8221;Open Sans&#8221; font_size=&#8221;18&#8243; line_height=&#8221;1.8&#8243; font_weight=&#8221;100&#8243; css=&#8221;.vc_custom_1553880880053{padding-right: 10% !important;padding-left: 10% !important;}&#8221;]O el conjunt de processos previs a la impressi\u00f3 de l&#8217;element gr\u00e0fic (originals, tractament de textos i imatges etc&#8230;).[\/vc_column_text][vc_row_inner equal_height=&#8221;yes&#8221;&hellip;<\/p>\n","protected":false},"author":1,"featured_media":0,"parent":1939,"menu_order":0,"comment_status":"closed","ping_status":"closed","template":"","meta":[],"yoast_head":"<!-- This site is optimized with the Yoast SEO plugin v15.1.1 - https:\/\/yoast.com\/wordpress\/plugins\/seo\/ -->\n<title>Serveis de preimpressi\u00f3: tractament i validaci\u00f3 | Alfa Printing<\/title>\n<meta name=\"description\" content=\"Ens encarreguem dels processos previs a la impressi\u00f3 de l&#039;element gr\u00e0fic: originals, tractament de textos i imatges, etc.\" \/>\n<meta name=\"robots\" content=\"index, follow, max-snippet:-1, max-image-preview:large, max-video-preview:-1\" \/>\n<link rel=\"canonical\" href=\"https:\/\/www.alfaprinting.es\/ca\/serveis\/preimpressio\/\" \/>\n<meta property=\"og:locale\" content=\"ca_ES\" \/>\n<meta property=\"og:type\" content=\"article\" \/>\n<meta property=\"og:title\" content=\"Serveis de preimpressi\u00f3: tractament i validaci\u00f3 | Alfa Printing\" \/>\n<meta property=\"og:description\" content=\"Ens encarreguem dels processos previs a la impressi\u00f3 de l&#039;element gr\u00e0fic: originals, tractament de textos i imatges, etc.\" \/>\n<meta property=\"og:url\" content=\"https:\/\/www.alfaprinting.es\/ca\/serveis\/preimpressio\/\" \/>\n<meta property=\"og:site_name\" content=\"Alfa Printing\" \/>\n<meta property=\"article:modified_time\" content=\"2024-03-25T16:53:27+00:00\" \/>\n<meta property=\"og:image\" content=\"https:\/\/www.alfaprinting.es\/wp-content\/uploads\/2019\/01\/logo-Alfaprinting.png\" \/>\n\t<meta property=\"og:image:width\" content=\"515\" \/>\n\t<meta property=\"og:image:height\" content=\"123\" \/>\n<meta name=\"twitter:card\" content=\"summary_large_image\" \/>\n<meta name=\"twitter:creator\" content=\"@AlfaprintingBCN\" \/>\n<meta name=\"twitter:site\" content=\"@AlfaprintingBCN\" \/>\n<script type=\"application\/ld+json\" class=\"yoast-schema-graph\">{\"@context\":\"https:\/\/schema.org\",\"@graph\":[{\"@type\":\"Organization\",\"@id\":\"https:\/\/www.alfaprinting.es\/ca\/#organization\",\"name\":\"Alfa Printing\",\"url\":\"https:\/\/www.alfaprinting.es\/ca\/\",\"sameAs\":[\"https:\/\/www.linkedin.com\/in\/alfa-printing-s-l-31240653\/\",\"https:\/\/twitter.com\/AlfaprintingBCN\"],\"logo\":{\"@type\":\"ImageObject\",\"@id\":\"https:\/\/www.alfaprinting.es\/ca\/#logo\",\"inLanguage\":\"ca\",\"url\":\"https:\/\/www.alfaprinting.es\/wp-content\/uploads\/2019\/01\/logo-Alfaprinting.png\",\"width\":515,\"height\":123,\"caption\":\"Alfa Printing\"},\"image\":{\"@id\":\"https:\/\/www.alfaprinting.es\/ca\/#logo\"}},{\"@type\":\"WebSite\",\"@id\":\"https:\/\/www.alfaprinting.es\/ca\/#website\",\"url\":\"https:\/\/www.alfaprinting.es\/ca\/\",\"name\":\"Alfa Printing\",\"description\":\"Servicios de imprenta y producci\\u00f3n gr\\u00e1fica de alta calidad\",\"publisher\":{\"@id\":\"https:\/\/www.alfaprinting.es\/ca\/#organization\"},\"potentialAction\":[{\"@type\":\"SearchAction\",\"target\":\"https:\/\/www.alfaprinting.es\/ca\/?s={search_term_string}\",\"query-input\":\"required name=search_term_string\"}],\"inLanguage\":\"ca\"},{\"@type\":\"WebPage\",\"@id\":\"https:\/\/www.alfaprinting.es\/ca\/serveis\/preimpressio\/#webpage\",\"url\":\"https:\/\/www.alfaprinting.es\/ca\/serveis\/preimpressio\/\",\"name\":\"Serveis de preimpressi\\u00f3: tractament i validaci\\u00f3 | Alfa Printing\",\"isPartOf\":{\"@id\":\"https:\/\/www.alfaprinting.es\/ca\/#website\"},\"datePublished\":\"2019-01-24T23:25:56+00:00\",\"dateModified\":\"2024-03-25T16:53:27+00:00\",\"description\":\"Ens encarreguem dels processos previs a la impressi\\u00f3 de l'element gr\\u00e0fic: originals, tractament de textos i imatges, etc.\",\"breadcrumb\":{\"@id\":\"https:\/\/www.alfaprinting.es\/ca\/serveis\/preimpressio\/#breadcrumb\"},\"inLanguage\":\"ca\",\"potentialAction\":[{\"@type\":\"ReadAction\",\"target\":[\"https:\/\/www.alfaprinting.es\/ca\/serveis\/preimpressio\/\"]}]},{\"@type\":\"BreadcrumbList\",\"@id\":\"https:\/\/www.alfaprinting.es\/ca\/serveis\/preimpressio\/#breadcrumb\",\"itemListElement\":[{\"@type\":\"ListItem\",\"position\":1,\"item\":{\"@type\":\"WebPage\",\"@id\":\"https:\/\/www.alfaprinting.es\/ca\/\",\"url\":\"https:\/\/www.alfaprinting.es\/ca\/\",\"name\":\"Portada\"}},{\"@type\":\"ListItem\",\"position\":2,\"item\":{\"@type\":\"WebPage\",\"@id\":\"https:\/\/www.alfaprinting.es\/ca\/serveis\/\",\"url\":\"https:\/\/www.alfaprinting.es\/ca\/serveis\/\",\"name\":\"Serveis\"}},{\"@type\":\"ListItem\",\"position\":3,\"item\":{\"@type\":\"WebPage\",\"@id\":\"https:\/\/www.alfaprinting.es\/ca\/serveis\/preimpressio\/\",\"url\":\"https:\/\/www.alfaprinting.es\/ca\/serveis\/preimpressio\/\",\"name\":\"Preimpressi\\u00f3\"}}]}]}<\/script>\n<!-- \/ Yoast SEO plugin. -->","_links":{"self":[{"href":"https:\/\/www.alfaprinting.es\/ca\/wp-json\/wp\/v2\/pages\/1944\/"}],"collection":[{"href":"https:\/\/www.alfaprinting.es\/ca\/wp-json\/wp\/v2\/pages\/"}],"about":[{"href":"https:\/\/www.alfaprinting.es\/ca\/wp-json\/wp\/v2\/types\/page\/"}],"author":[{"embeddable":true,"href":"https:\/\/www.alfaprinting.es\/ca\/wp-json\/wp\/v2\/users\/1\/"}],"replies":[{"embeddable":true,"href":"https:\/\/www.alfaprinting.es\/ca\/wp-json\/wp\/v2\/comments\/?post=1944"}],"version-history":[{"count":9,"href":"https:\/\/www.alfaprinting.es\/ca\/wp-json\/wp\/v2\/pages\/1944\/revisions\/"}],"predecessor-version":[{"id":2774,"href":"https:\/\/www.alfaprinting.es\/ca\/wp-json\/wp\/v2\/pages\/1944\/revisions\/2774\/"}],"up":[{"embeddable":true,"href":"https:\/\/www.alfaprinting.es\/ca\/wp-json\/wp\/v2\/pages\/1939\/"}],"wp:attachment":[{"href":"https:\/\/www.alfaprinting.es\/ca\/wp-json\/wp\/v2\/media\/?parent=1944"}],"curies":[{"name":"wp","href":"https:\/\/api.w.org\/{rel}","templated":true}]}}