{"id":1962,"date":"2019-01-25T11:11:25","date_gmt":"2019-01-25T11:11:25","guid":{"rendered":"https:\/\/www.alfaprinting.es\/serveis\/acabados\/"},"modified":"2024-03-25T16:53:12","modified_gmt":"2024-03-25T16:53:12","slug":"acabats","status":"publish","type":"page","link":"https:\/\/www.alfaprinting.es\/ca\/serveis\/acabats\/","title":{"rendered":"Acabats"},"content":{"rendered":"[vc_row full_width=&#8221;stretch_row&#8221; remove_bottom_col_margin=&#8221;true&#8221; css=&#8221;.vc_custom_1548414737236{margin-top: 0px !important;padding-top: 0px !important;padding-bottom: 4% !important;}&#8221;][vc_column]<span class=\"vcex-module vcex-heading wpex-text-2xl wpex-font-normal wpex-m-auto wpex-max-w-100 vcex-heading-plain wpex-block wpex-text-center aligncenter vc_custom_1711385373301\" style=\"color:#009bdc;font-family:&#039;PT Sans&#039;,sans-serif;font-size:17px;letter-spacing:1px;font-weight:600;text-transform:uppercase;line-height:1.4;width:900px;\"><span class=\"vcex-heading-inner wpex-inline-block wpex-clr\">SERVEIS<\/span><\/span><div class=\"vcex-module vcex-divider-multicolor wpex-flex wpex-max-w-100 wpex-m-auto wpex-clr\" style=\"width:5%;\"><span class=\"wpex-flex-grow\" style=\"background:#009bdc;height:2px;\"><\/span><span class=\"wpex-flex-grow\" style=\"background:#de0077;height:2px;\"><\/span><span class=\"wpex-flex-grow\" style=\"background:#feee00;height:2px;\"><\/span><span class=\"wpex-flex-grow\" style=\"background:#000000;height:2px;\"><\/span><\/div><h1 class=\"vcex-module vcex-heading wpex-text-2xl wpex-font-normal wpex-m-auto wpex-max-w-100 vcex-heading-plain wpex-block wpex-text-center aligncenter vc_custom_1711385589477\" style=\"font-size:37px;width:900px;\"><span class=\"vcex-heading-inner wpex-inline-block wpex-clr\">Acabats<\/span><\/h1>[vc_column_text text_align=&#8221;center&#8221; font_family=&#8221;Open Sans&#8221; font_size=&#8221;18&#8243; line_height=&#8221;1.8&#8243; font_weight=&#8221;100&#8243; width=&#8221;900&#8243; align=&#8221;center&#8221;]Aconseguit el plec impr\u00e8s amb els m\u00e9s alts est\u00e0ndards de qualitat procedim a transformar-lo, mitjan\u00e7ant successius processos, en el producte gr\u00e0fic final.<\/p>\n<p>Disposem tant d&#8217;un grup de col\u00b7laboradors d&#8217;empreses auxiliars, auditades pel nostre departament de qualitat per complir amb els est\u00e0ndards m\u00e9s exigents del mercat, com d&#8217;una gran secci\u00f3 d&#8217;acabats gr\u00e0fics i manipulats pr\u00f2pia amb la qual mantenim el control final i optimitzem la rendibilitat de els productes gr\u00e0fics.[\/vc_column_text][\/vc_column][\/vc_row][vc_row full_width=&#8221;stretch_row&#8221; content_placement=&#8221;middle&#8221; remove_bottom_col_margin=&#8221;true&#8221; css=&#8221;.vc_custom_1548414836458{padding-top: 30px !important;padding-bottom: 10% !important;background-position: 0 0 !important;background-repeat: no-repeat !important;}&#8221; wpex_bg_position=&#8221;right 5%&#8221;][vc_column css=&#8221;.vc_custom_1548369733481{border-top-width: 5px !important;border-right-width: 5px !important;border-bottom-width: 5px !important;border-left-width: 5px !important;padding-top: 40px !important;padding-right: 40px !important;padding-bottom: 40px !important;padding-left: 40px !important;background-color: #f7f9fc !important;background-position: center !important;background-repeat: no-repeat !important;background-size: cover !important;border-left-color: #ffffff !important;border-left-style: solid !important;border-right-color: #ffffff !important;border-right-style: solid !important;border-top-color: #ffffff !important;border-top-style: solid !important;border-bottom-color: #ffffff !important;border-bottom-style: solid !important;}&#8221; el_class=&#8221;ombra border-outline&#8221;][vc_icon icon_fontawesome=&#8221;fa fa-check&#8221; color=&#8221;custom&#8221; background_style=&#8221;rounded&#8221; background_color=&#8221;custom&#8221; size=&#8221;xs&#8221; align=&#8221;center&#8221; custom_color=&#8221;#ffffff&#8221; custom_background_color=&#8221;#de0077&#8243; css=&#8221;.vc_custom_1548359835214{margin-top: -60px !important;margin-bottom: 20px !important;}&#8221;]<h4 class=\"vcex-module vcex-heading wpex-text-2xl wpex-font-normal wpex-m-auto wpex-max-w-100 vcex-heading-plain wpex-block wpex-text-center vc_custom_1553881477575\" style=\"font-weight:600;\"><span class=\"vcex-heading-inner wpex-inline-block wpex-clr\">Realitzem tot tipus d'acabats i serveis gr\u00e0fics<\/span><\/h4>[vc_row_inner equal_height=&#8221;yes&#8221; content_placement=&#8221;top&#8221; css=&#8221;.vc_custom_1548370267847{margin-top: 4% !important;}&#8221;][vc_column_inner el_class=&#8221;no-ombra-no-border-outline&#8221; width=&#8221;1\/2&#8243;]<div class=\"vcex-module vcex-bullets custom-icon mision_checks\">\n<ul>\n<li><div class=\"vcex-bullets-ci-wrap wpex-inline-flex\"><span class=\"vcex-icon-wrap wpex-mr-10\"><span class=\"vcex-icon fa fa-info-circle\" style=\"color:#de0077\" aria-hidden=\"true\"><\/span><\/span><div class=\"vcex-content wpex-flex-grow\">Plastificats en polipropil\u00e8 brillant\/mat, antiratlles i soft-touch.<\/div><\/div><\/li>\n<li><div class=\"vcex-bullets-ci-wrap wpex-inline-flex\"><span class=\"vcex-icon-wrap wpex-mr-10\"><span class=\"vcex-icon fa fa-info-circle\" style=\"color:#de0077\" aria-hidden=\"true\"><\/span><\/span><div class=\"vcex-content wpex-flex-grow\">Vern\u00eds UVI brillant\/mat, total o selectiu.<\/div><\/div><\/li>\n<li><div class=\"vcex-bullets-ci-wrap wpex-inline-flex\"><span class=\"vcex-icon-wrap wpex-mr-10\"><span class=\"vcex-icon fa fa-info-circle\" style=\"color:#de0077\" aria-hidden=\"true\"><\/span><\/span><div class=\"vcex-content wpex-flex-grow\">Vern\u00eds rasca-rasca or\/plata.<\/div><\/div><\/li>\n<li><div class=\"vcex-bullets-ci-wrap wpex-inline-flex\"><span class=\"vcex-icon-wrap wpex-mr-10\"><span class=\"vcex-icon fa fa-info-circle\" style=\"color:#de0077\" aria-hidden=\"true\"><\/span><\/span><div class=\"vcex-content wpex-flex-grow\">Vernissos amb reproducci\u00f3 de textures (amb o sense volums).<\/div><\/div><\/li>\n<li><div class=\"vcex-bullets-ci-wrap wpex-inline-flex\"><span class=\"vcex-icon-wrap wpex-mr-10\"><span class=\"vcex-icon fa fa-info-circle\" style=\"color:#de0077\" aria-hidden=\"true\"><\/span><\/span><div class=\"vcex-content wpex-flex-grow\">Vernissos amb microc\u00e0psules d&#8217;aromes (est\u00e0ndards o personalitzats).<\/div><\/div><\/li>\n<li><div class=\"vcex-bullets-ci-wrap wpex-inline-flex\"><span class=\"vcex-icon-wrap wpex-mr-10\"><span class=\"vcex-icon fa fa-info-circle\" style=\"color:#de0077\" aria-hidden=\"true\"><\/span><\/span><div class=\"vcex-content wpex-flex-grow\">Gravats amb diferents volums (relleus).<\/div><\/div><\/li>\n<li><div class=\"vcex-bullets-ci-wrap wpex-inline-flex\"><span class=\"vcex-icon-wrap wpex-mr-10\"><span class=\"vcex-icon fa fa-info-circle\" style=\"color:#de0077\" aria-hidden=\"true\"><\/span><\/span><div class=\"vcex-content wpex-flex-grow\">Stampings or \/ plata \/ etc&#8230;<\/div><\/div><\/li>\n<li><div class=\"vcex-bullets-ci-wrap wpex-inline-flex\"><span class=\"vcex-icon-wrap wpex-mr-10\"><span class=\"vcex-icon fa fa-info-circle\" style=\"color:#de0077\" aria-hidden=\"true\"><\/span><\/span><div class=\"vcex-content wpex-flex-grow\">Encunyats.<\/div><\/div><\/li>\n<li><div class=\"vcex-bullets-ci-wrap wpex-inline-flex\"><span class=\"vcex-icon-wrap wpex-mr-10\"><span class=\"vcex-icon fa fa-info-circle\" style=\"color:#de0077\" aria-hidden=\"true\"><\/span><\/span><div class=\"vcex-content wpex-flex-grow\">Engomats i enganxats automatitzats.<\/div><\/div><\/li>\n<li><div class=\"vcex-bullets-ci-wrap wpex-inline-flex\"><span class=\"vcex-icon-wrap wpex-mr-10\"><span class=\"vcex-icon fa fa-info-circle\" style=\"color:#de0077\" aria-hidden=\"true\"><\/span><\/span><div class=\"vcex-content wpex-flex-grow\">Contraencolats.<\/div><\/div><\/li>\n<li><div class=\"vcex-bullets-ci-wrap wpex-inline-flex\"><span class=\"vcex-icon-wrap wpex-mr-10\"><span class=\"vcex-icon fa fa-info-circle\" style=\"color:#de0077\" aria-hidden=\"true\"><\/span><\/span><div class=\"vcex-content wpex-flex-grow\">Cola removible.<\/div><\/div><\/li>\n<li><div class=\"vcex-bullets-ci-wrap wpex-inline-flex\"><span class=\"vcex-icon-wrap wpex-mr-10\"><span class=\"vcex-icon fa fa-info-circle\" style=\"color:#de0077\" aria-hidden=\"true\"><\/span><\/span><div class=\"vcex-content wpex-flex-grow\">Enquadernats en Grapa.<\/div><\/div><\/li>\n<li><div class=\"vcex-bullets-ci-wrap wpex-inline-flex\"><span class=\"vcex-icon-wrap wpex-mr-10\"><span class=\"vcex-icon fa fa-info-circle\" style=\"color:#de0077\" aria-hidden=\"true\"><\/span><\/span><div class=\"vcex-content wpex-flex-grow\">Enquadernats en r\u00fastica (cosida, fressada amb cola Pur).<\/div><\/div><\/li>\n<\/ul>\n<\/div>[\/vc_column_inner][vc_column_inner el_class=&#8221;no-ombra-no-border-outline&#8221; width=&#8221;1\/2&#8243;]<div class=\"vcex-module vcex-bullets custom-icon mision_checks\">\n<ul>\n<li><div class=\"vcex-bullets-ci-wrap wpex-inline-flex\"><span class=\"vcex-icon-wrap wpex-mr-10\"><span class=\"vcex-icon fa fa-info-circle\" style=\"color:#de0077\" aria-hidden=\"true\"><\/span><\/span><div class=\"vcex-content wpex-flex-grow\">Enquadernats Cosits-fil (en substituci\u00f3 de la grapa o la r\u00fastica).<\/div><\/div><\/li>\n<li><div class=\"vcex-bullets-ci-wrap wpex-inline-flex\"><span class=\"vcex-icon-wrap wpex-mr-10\"><span class=\"vcex-icon fa fa-info-circle\" style=\"color:#de0077\" aria-hidden=\"true\"><\/span><\/span><div class=\"vcex-content wpex-flex-grow\">Wire-o, Espiral (met\u00e0l\u00b7lica i PVC).<\/div><\/div><\/li>\n<li><div class=\"vcex-bullets-ci-wrap wpex-inline-flex\"><span class=\"vcex-icon-wrap wpex-mr-10\"><span class=\"vcex-icon fa fa-info-circle\" style=\"color:#de0077\" aria-hidden=\"true\"><\/span><\/span><div class=\"vcex-content wpex-flex-grow\">Indexat.<\/div><\/div><\/li>\n<li><div class=\"vcex-bullets-ci-wrap wpex-inline-flex\"><span class=\"vcex-icon-wrap wpex-mr-10\"><span class=\"vcex-icon fa fa-info-circle\" style=\"color:#de0077\" aria-hidden=\"true\"><\/span><\/span><div class=\"vcex-content wpex-flex-grow\">Manipulats de tot tipus (col\u00b7locaci\u00f3 de goma per a tancament de llibretes amb ullets o inserida &#8211; tipus moleskine-, inclusi\u00f3 de gadjets, etc&#8230;).<\/div><\/div><\/li>\n<li><div class=\"vcex-bullets-ci-wrap wpex-inline-flex\"><span class=\"vcex-icon-wrap wpex-mr-10\"><span class=\"vcex-icon fa fa-info-circle\" style=\"color:#de0077\" aria-hidden=\"true\"><\/span><\/span><div class=\"vcex-content wpex-flex-grow\">Enfeixat\/retractilat.<\/div><\/div><\/li>\n<li><div class=\"vcex-bullets-ci-wrap wpex-inline-flex\"><span class=\"vcex-icon-wrap wpex-mr-10\"><span class=\"vcex-icon fa fa-info-circle\" style=\"color:#de0077\" aria-hidden=\"true\"><\/span><\/span><div class=\"vcex-content wpex-flex-grow\">Preparaci\u00f3 de Mailings (agrupat i casat d&#8217;elements, amb possibilitat de realitzar el dip\u00f2sit en Correus), distribucions, etc&#8230;<\/div><\/div><\/li>\n<\/ul>\n<\/div><figure class=\"vcex-image vcex-module wpex-clr textcenter ombra-imatge\"><div class=\"vcex-image-inner wpex-inline-block wpex-relative vc_custom_1550924902883\"><img loading=\"lazy\" class=\"wpex-align-middle\" src=\"https:\/\/www.alfaprinting.es\/wp-content\/uploads\/2019\/02\/Horizon-Steel-liner-alzadoraplegadoracosedora.jpg\" alt=\"\" width=\"1000\" height=\"487\" \/><\/div><\/figure>[\/vc_column_inner][\/vc_row_inner][\/vc_column][\/vc_row][vc_row full_width=&#8221;stretch_row&#8221; css=&#8221;.vc_custom_1548266287019{padding-top: 7% !important;padding-bottom: 7% !important;background-color: #feee00 !important;}&#8221; el_class=&#8221;ombra-section&#8221;][vc_column]<h2 class=\"vcex-module vcex-heading wpex-text-2xl wpex-font-normal wpex-m-auto wpex-max-w-100 vcex-heading-plain wpex-block wpex-text-center aligncenter vc_custom_1553881703395\" style=\"color:#3f3f3f;font-size:30px;width:800px;\"><span class=\"vcex-heading-inner wpex-inline-block wpex-clr\">El nostre objectiu primordial \u00e9s aconseguir maximitzar l'\u00e8xit dels nostres clients.<\/span><\/h2><div class=\"textcenter theme-button-wrap wpex-clr\"><a href=\"https:\/\/www.alfaprinting.es\/ca\/contacte\/\" class=\"vcex-button theme-button black medium align-center inline\" style=\"background:#feee00;padding-top:15px;padding-right:35px;padding-bottom:15px;padding-left:35px;color:#3f3f3f;border:2px solid #3f3f3f;border-radius:100px;\" data-wpex-hover='{&quot;background&quot;:&quot;#3f3f3f&quot;,&quot;color&quot;:&quot;#ffffff&quot;}'><span class=\"theme-button-inner\">CONTACTI AMB NOSALTRES<span class=\"vcex-icon-wrap theme-button-icon-right wpex-transition-transform wpex-duration-200\" data-wpex-hover=\"{&quot;parent&quot;:&quot;.vcex-button&quot;,&quot;transform&quot;:&quot;translateX(10px)&quot;}\"><span class=\"ticon ticon-angle-right\" aria-hidden=\"true\"><\/span><\/span><\/span><\/a><\/div> [\/vc_column][\/vc_row]\n","protected":false},"excerpt":{"rendered":"<p>[vc_row full_width=&#8221;stretch_row&#8221; remove_bottom_col_margin=&#8221;true&#8221; css=&#8221;.vc_custom_1548414737236{margin-top: 0px !important;padding-top: 0px !important;padding-bottom: 4% !important;}&#8221;][vc_column][vc_column_text text_align=&#8221;center&#8221; font_family=&#8221;Open Sans&#8221; font_size=&#8221;18&#8243; line_height=&#8221;1.8&#8243; font_weight=&#8221;100&#8243; width=&#8221;900&#8243; align=&#8221;center&#8221;]Aconseguit el plec impr\u00e8s amb els m\u00e9s alts est\u00e0ndards de qualitat procedim a transformar-lo, mitjan\u00e7ant successius processos, en el producte gr\u00e0fic final. Disposem&hellip;<\/p>\n","protected":false},"author":1,"featured_media":0,"parent":1939,"menu_order":0,"comment_status":"closed","ping_status":"closed","template":"","meta":[],"yoast_head":"<!-- This site is optimized with the Yoast SEO plugin v15.1.1 - https:\/\/yoast.com\/wordpress\/plugins\/seo\/ -->\n<title>Tot tipus d&#039;acabats, serveis gr\u00e0fics i enquadernaci\u00f3 | Alfa Printing<\/title>\n<meta name=\"description\" content=\"Realitzem tot tipus d&#039;acabats, serveis gr\u00e0fics i enquadernaci\u00f3: plastificats, vernissos, encunyats, engomats, enquadernats, etc.\" \/>\n<meta name=\"robots\" content=\"index, follow, max-snippet:-1, max-image-preview:large, max-video-preview:-1\" \/>\n<link rel=\"canonical\" href=\"https:\/\/www.alfaprinting.es\/ca\/serveis\/acabats\/\" \/>\n<meta property=\"og:locale\" content=\"ca_ES\" \/>\n<meta property=\"og:type\" content=\"article\" \/>\n<meta property=\"og:title\" content=\"Tot tipus d&#039;acabats, serveis gr\u00e0fics i enquadernaci\u00f3 | Alfa Printing\" \/>\n<meta property=\"og:description\" content=\"Realitzem tot tipus d&#039;acabats, serveis gr\u00e0fics i enquadernaci\u00f3: plastificats, vernissos, encunyats, engomats, enquadernats, etc.\" \/>\n<meta property=\"og:url\" content=\"https:\/\/www.alfaprinting.es\/ca\/serveis\/acabats\/\" \/>\n<meta property=\"og:site_name\" content=\"Alfa Printing\" \/>\n<meta property=\"article:modified_time\" content=\"2024-03-25T16:53:12+00:00\" \/>\n<meta property=\"og:image\" content=\"https:\/\/www.alfaprinting.es\/wp-content\/uploads\/2019\/01\/logo-Alfaprinting.png\" \/>\n\t<meta property=\"og:image:width\" content=\"515\" \/>\n\t<meta property=\"og:image:height\" content=\"123\" \/>\n<meta name=\"twitter:card\" content=\"summary_large_image\" \/>\n<meta name=\"twitter:creator\" content=\"@AlfaprintingBCN\" \/>\n<meta name=\"twitter:site\" content=\"@AlfaprintingBCN\" \/>\n<script type=\"application\/ld+json\" class=\"yoast-schema-graph\">{\"@context\":\"https:\/\/schema.org\",\"@graph\":[{\"@type\":\"Organization\",\"@id\":\"https:\/\/www.alfaprinting.es\/ca\/#organization\",\"name\":\"Alfa Printing\",\"url\":\"https:\/\/www.alfaprinting.es\/ca\/\",\"sameAs\":[\"https:\/\/www.linkedin.com\/in\/alfa-printing-s-l-31240653\/\",\"https:\/\/twitter.com\/AlfaprintingBCN\"],\"logo\":{\"@type\":\"ImageObject\",\"@id\":\"https:\/\/www.alfaprinting.es\/ca\/#logo\",\"inLanguage\":\"ca\",\"url\":\"https:\/\/www.alfaprinting.es\/wp-content\/uploads\/2019\/01\/logo-Alfaprinting.png\",\"width\":515,\"height\":123,\"caption\":\"Alfa Printing\"},\"image\":{\"@id\":\"https:\/\/www.alfaprinting.es\/ca\/#logo\"}},{\"@type\":\"WebSite\",\"@id\":\"https:\/\/www.alfaprinting.es\/ca\/#website\",\"url\":\"https:\/\/www.alfaprinting.es\/ca\/\",\"name\":\"Alfa Printing\",\"description\":\"Servicios de imprenta y producci\\u00f3n gr\\u00e1fica de alta calidad\",\"publisher\":{\"@id\":\"https:\/\/www.alfaprinting.es\/ca\/#organization\"},\"potentialAction\":[{\"@type\":\"SearchAction\",\"target\":\"https:\/\/www.alfaprinting.es\/ca\/?s={search_term_string}\",\"query-input\":\"required name=search_term_string\"}],\"inLanguage\":\"ca\"},{\"@type\":\"WebPage\",\"@id\":\"https:\/\/www.alfaprinting.es\/ca\/serveis\/acabats\/#webpage\",\"url\":\"https:\/\/www.alfaprinting.es\/ca\/serveis\/acabats\/\",\"name\":\"Tot tipus d'acabats, serveis gr\\u00e0fics i enquadernaci\\u00f3 | Alfa Printing\",\"isPartOf\":{\"@id\":\"https:\/\/www.alfaprinting.es\/ca\/#website\"},\"datePublished\":\"2019-01-25T11:11:25+00:00\",\"dateModified\":\"2024-03-25T16:53:12+00:00\",\"description\":\"Realitzem tot tipus d'acabats, serveis gr\\u00e0fics i enquadernaci\\u00f3: plastificats, vernissos, encunyats, engomats, enquadernats, etc.\",\"breadcrumb\":{\"@id\":\"https:\/\/www.alfaprinting.es\/ca\/serveis\/acabats\/#breadcrumb\"},\"inLanguage\":\"ca\",\"potentialAction\":[{\"@type\":\"ReadAction\",\"target\":[\"https:\/\/www.alfaprinting.es\/ca\/serveis\/acabats\/\"]}]},{\"@type\":\"BreadcrumbList\",\"@id\":\"https:\/\/www.alfaprinting.es\/ca\/serveis\/acabats\/#breadcrumb\",\"itemListElement\":[{\"@type\":\"ListItem\",\"position\":1,\"item\":{\"@type\":\"WebPage\",\"@id\":\"https:\/\/www.alfaprinting.es\/ca\/\",\"url\":\"https:\/\/www.alfaprinting.es\/ca\/\",\"name\":\"Portada\"}},{\"@type\":\"ListItem\",\"position\":2,\"item\":{\"@type\":\"WebPage\",\"@id\":\"https:\/\/www.alfaprinting.es\/ca\/serveis\/\",\"url\":\"https:\/\/www.alfaprinting.es\/ca\/serveis\/\",\"name\":\"Serveis\"}},{\"@type\":\"ListItem\",\"position\":3,\"item\":{\"@type\":\"WebPage\",\"@id\":\"https:\/\/www.alfaprinting.es\/ca\/serveis\/acabats\/\",\"url\":\"https:\/\/www.alfaprinting.es\/ca\/serveis\/acabats\/\",\"name\":\"Acabats\"}}]}]}<\/script>\n<!-- \/ Yoast SEO plugin. -->","_links":{"self":[{"href":"https:\/\/www.alfaprinting.es\/ca\/wp-json\/wp\/v2\/pages\/1962\/"}],"collection":[{"href":"https:\/\/www.alfaprinting.es\/ca\/wp-json\/wp\/v2\/pages\/"}],"about":[{"href":"https:\/\/www.alfaprinting.es\/ca\/wp-json\/wp\/v2\/types\/page\/"}],"author":[{"embeddable":true,"href":"https:\/\/www.alfaprinting.es\/ca\/wp-json\/wp\/v2\/users\/1\/"}],"replies":[{"embeddable":true,"href":"https:\/\/www.alfaprinting.es\/ca\/wp-json\/wp\/v2\/comments\/?post=1962"}],"version-history":[{"count":6,"href":"https:\/\/www.alfaprinting.es\/ca\/wp-json\/wp\/v2\/pages\/1962\/revisions\/"}],"predecessor-version":[{"id":2772,"href":"https:\/\/www.alfaprinting.es\/ca\/wp-json\/wp\/v2\/pages\/1962\/revisions\/2772\/"}],"up":[{"embeddable":true,"href":"https:\/\/www.alfaprinting.es\/ca\/wp-json\/wp\/v2\/pages\/1939\/"}],"wp:attachment":[{"href":"https:\/\/www.alfaprinting.es\/ca\/wp-json\/wp\/v2\/media\/?parent=1962"}],"curies":[{"name":"wp","href":"https:\/\/api.w.org\/{rel}","templated":true}]}}