{"id":2257,"date":"2019-11-06T10:00:06","date_gmt":"2019-11-06T10:00:06","guid":{"rendered":"https:\/\/www.alfaprinting.es\/codigo-etico-y-de-conducta-de-alfa-printing\/"},"modified":"2025-07-18T07:58:04","modified_gmt":"2025-07-18T07:58:04","slug":"codi-etic-i-de-conducta-alfa-printing","status":"publish","type":"page","link":"https:\/\/www.alfaprinting.es\/ca\/codi-etic-i-de-conducta-alfa-printing\/","title":{"rendered":"Codi \u00e8tic i de conducta Alfa Printing"},"content":{"rendered":"[vc_row full_width=&#8221;stretch_row&#8221; remove_bottom_col_margin=&#8221;true&#8221; css=&#8221;.vc_custom_1573033750028{margin-top: 40px !important;margin-bottom: 40px !important;padding-top: 15px !important;}&#8221;][vc_column]<h1 class=\"vcex-module vcex-heading wpex-text-2xl wpex-font-normal wpex-m-auto wpex-max-w-100 vcex-heading-plain wpex-block wpex-text-center vc_custom_1727951822509\" style=\"font-size:37px;\"><span class=\"vcex-heading-inner wpex-inline-block wpex-clr\">Codi \u00e8tic i de conducta Alfa Printing<\/span><\/h1><div class=\"vcex-module vcex-divider-multicolor wpex-flex wpex-max-w-100 wpex-m-auto wpex-clr\" style=\"width:5%;margin-bottom:20px;\"><span class=\"wpex-flex-grow\" style=\"background:#009bdc;height:2px;\"><\/span><span class=\"wpex-flex-grow\" style=\"background:#de0077;height:2px;\"><\/span><span class=\"wpex-flex-grow\" style=\"background:#feee00;height:2px;\"><\/span><span class=\"wpex-flex-grow\" style=\"background:#000000;height:2px;\"><\/span><\/div>[\/vc_column][\/vc_row][vc_row full_width=&#8221;stretch_row&#8221; remove_bottom_col_margin=&#8221;true&#8221; css=&#8221;.vc_custom_1548413015497{margin-top: 0px !important;padding-top: 0px !important;padding-bottom: 8% !important;}&#8221;][vc_column width=&#8221;1\/6&#8243;][\/vc_column][vc_column width=&#8221;4\/6&#8243;][vc_row_inner equal_height=&#8221;yes&#8221; content_placement=&#8221;top&#8221; gap=&#8221;30&#8243; css=&#8221;.vc_custom_1548415355155{margin-top: 4% !important;}&#8221;][vc_column_inner el_class=&#8221;ombra border-outline&#8221; css=&#8221;.vc_custom_1548359488848{border-top-width: 5px !important;border-right-width: 5px !important;border-bottom-width: 5px !important;border-left-width: 5px !important;padding-top: 40px !important;padding-right: 40px !important;padding-bottom: 40px !important;padding-left: 40px !important;background-color: #f7f9fc !important;border-left-color: #ffffff !important;border-right-color: #ffffff !important;border-top-color: #ffffff !important;border-bottom-color: #ffffff !important;}&#8221;][vc_icon icon_fontawesome=&#8221;fa fa-check&#8221; color=&#8221;custom&#8221; background_style=&#8221;rounded&#8221; background_color=&#8221;custom&#8221; size=&#8221;xs&#8221; align=&#8221;center&#8221; custom_color=&#8221;#ffffff&#8221; custom_background_color=&#8221;#de0077&#8243; css=&#8221;.vc_custom_1548359835214{margin-top: -60px !important;margin-bottom: 20px !important;}&#8221;]<h4 class=\"vcex-module vcex-heading wpex-text-2xl wpex-font-normal wpex-m-auto wpex-max-w-100 vcex-heading-plain wpex-block wpex-text-center vc_custom_1573037638830\" style=\"font-weight:600;\"><span class=\"vcex-heading-inner wpex-inline-block wpex-clr\">Declaraci\u00f3<\/span><\/h4>[vc_column_text text_align=&#8221;left&#8221;]El present <strong>Codi de Conducta<\/strong> \u00e9s una pol\u00edtica volunt\u00e0ria d&#8217;Alfa Printing, S.L. referent al comprom\u00eds auto imposat per complir amb la legalitat i reglaments vigents en els pa\u00efsos en els qu\u00e8 tingui relacions comercials i pel desenvolupament i aplicaci\u00f3 de les q\u00fcestions \u00e8tiques i de bones pr\u00e0ctiques de negoci (principis d&#8217;actuaci\u00f3 legals, morals, ambientals, de seguretat laboral , &#8230;) que s&#8217;exigeix complir als empleats (equip de treball), socis comercials (prove\u00efdors) i accionistes, i que identifiquen el tipus de Companyia que som davant els nostres clients i la societat en general.<\/p>\n<p>Ens definim adherits als 10 principis del Pacte Mundial de les Nacions Unides i a les declaracions de les que es deriven -La Declaraci\u00f3 Universal dels Drets Humans, La Declaraci\u00f3 de l&#8217;Organitzaci\u00f3 Internacional del Treball (OIT) relativa als Principis i Drets Fonamentals en el Treball, la Declaraci\u00f3 de Rio sobre el Medi Ambient i el desenvolupament, la Convenci\u00f3 de les Nacions Unides contra la corrupci\u00f3-, la Carta per a un desenvolupament sostenible a llarg termini de la Cambra Internacional de Comer\u00e7 i els Principis Rectors de l&#8217;ONU sobre Empreses i els Drets.[\/vc_column_text][\/vc_column_inner][\/vc_row_inner][vc_row_inner equal_height=&#8221;yes&#8221; content_placement=&#8221;top&#8221; gap=&#8221;30&#8243; css=&#8221;.vc_custom_1548415355155{margin-top: 4% !important;}&#8221;][vc_column_inner el_class=&#8221;ombra border-outline&#8221; css=&#8221;.vc_custom_1548359488848{border-top-width: 5px !important;border-right-width: 5px !important;border-bottom-width: 5px !important;border-left-width: 5px !important;padding-top: 40px !important;padding-right: 40px !important;padding-bottom: 40px !important;padding-left: 40px !important;background-color: #f7f9fc !important;border-left-color: #ffffff !important;border-right-color: #ffffff !important;border-top-color: #ffffff !important;border-bottom-color: #ffffff !important;}&#8221;][vc_icon icon_fontawesome=&#8221;fa fa-check&#8221; color=&#8221;custom&#8221; background_style=&#8221;rounded&#8221; background_color=&#8221;custom&#8221; size=&#8221;xs&#8221; align=&#8221;center&#8221; custom_color=&#8221;#ffffff&#8221; custom_background_color=&#8221;#de0077&#8243; css=&#8221;.vc_custom_1548359835214{margin-top: -60px !important;margin-bottom: 20px !important;}&#8221;]<h4 class=\"vcex-module vcex-heading wpex-text-2xl wpex-font-normal wpex-m-auto wpex-max-w-100 vcex-heading-plain wpex-block wpex-text-center vc_custom_1573037871255\" style=\"font-weight:600;\"><span class=\"vcex-heading-inner wpex-inline-block wpex-clr\">Principis<\/span><\/h4>[vc_column_text text_align=&#8221;left&#8221;][\/vc_column_text][vc_column_text text_align=&#8221;left&#8221;]Com a resultat del que s&#8217;ha exposat, el nostre Codi de Conducta aplica internament i exigeix externament (socis comercials i clients) qualsevol persona o organitzaci\u00f3 amb la qual es subscrigui una relaci\u00f3 comercial, els seg\u00fcents compromisos:<\/p>\n<p>&#8211; Compliment dels <strong>Drets Humans<\/strong> proclamats a nivell internacional, suport a la protecci\u00f3 dels mateixos i protecci\u00f3 eventual de la seva ab\u00fas, prohibint i perseguint:<\/p>\n<ul>\n<li>L&#8217;ab\u00fas f\u00edsic o\/i verbal contra persones, la discriminaci\u00f3 per ra\u00e7a, color, sexe, idioma, religi\u00f3, opini\u00f3 pol\u00edtica o de qualsevol altra mena, origen, de posici\u00f3, naixement, orientaci\u00f3 sexual o per qualsevol altra condici\u00f3.<\/li>\n<li>La privaci\u00f3 de llibertat o la submissi\u00f3 a esclavitud a una altra persona.<\/li>\n<li>L&#8217;obligaci\u00f3 a realitzar actes dels que una altra persona no tingui plena consci\u00e8ncia.<\/li>\n<li>Robar b\u00e9ns aliens.<\/li>\n<li>Violar la llibertat d&#8217;opini\u00f3 d&#8217;una altra persona.<\/li>\n<li>Amena\u00e7ar, turmentar, oprimir, coaccionar, intimidar o for\u00e7ar a una altra persona.<\/li>\n<\/ul>\n<p>&#8211; Donar suport a la llibertat d&#8217;expressi\u00f3, el reconeixement del dret a la negociaci\u00f3 col\u00b7lectiva (<strong>llibertat<\/strong> d&#8217;associaci\u00f3 sindical <strong>dels treballadors<\/strong> i elecci\u00f3 dels seus representants sense influ\u00e8ncia del patr\u00f3) i evitar tota forma de treball for\u00e7\u00f3s, treball infantil i qualsevol discriminaci\u00f3 en l&#8217;ocupaci\u00f3 i el lloc de treball.<\/p>\n<p>&#8211; Realitzar el reclutament i contractaci\u00f3 de personal \/ for\u00e7a de treball de manera que:<\/p>\n<ul>\n<li>L&#8217;enfocament sigui el de les habilitats requerides i mai els interessos personals.<\/li>\n<li>No discriminar per motius d&#8217;edat, sexe, religi\u00f3, orientaci\u00f3 sexual ni qualsevol altre motiu prohibint expressament realitzar preguntes personals.<\/li>\n<li>Optar per la investigaci\u00f3 de causes que concorrin i la negociaci\u00f3 en pro d&#8217;esmenar-les quan un treballador decideixi anar-se&#8217;n amb \u00e0nim de reconduir i millorar la relaci\u00f3 laboral.<\/li>\n<li>Claredat i veracitat en les causes i termes legals quan el promotor d&#8217;acabar la relaci\u00f3 laboral sigui l&#8217;empresa.<\/li>\n<\/ul>\n<p>&#8211; Promoure la <strong>seguretat i la salut en el treball<\/strong> mitjan\u00e7ant l&#8217;exig\u00e8ncia de l&#8217;aplicaci\u00f3 de bones pr\u00e0ctiques de manufactura, minimitzaci\u00f3 de riscos i rigor legal en aquest \u00e0mbit, aplicant amb rigor i millorant el possible les normes de seguretat industrials.<\/p>\n<p>&#8211; Garantir que la <strong>jornada laboral<\/strong>, pr\u00f2pia i dels socis comercials, correspongui com a m\u00ednim al que assenyala les disposicions legals nacionals i\/o del sector, i que les remuneracions sempre siguin iguals o majors al m\u00ednim legal establert, vigilant que les mateixes garanteixin un est\u00e0ndard de vida adequat als empleats que les reben.<\/p>\n<p>&#8211; Actuar amb c\u00e0lcul preventiu mediambiental, promovent la responsabilitat, la cura i <strong>l&#8217;aplicaci\u00f3<\/strong> efectiva <strong>de processos i tecnologies respectuoses mediambientals<\/strong>, concretament en el nostre \u00e0mbit industrial gr\u00e0fic, actuar millorant:<\/p>\n<ul>\n<li>La recirculaci\u00f3 de l&#8217;aigua en els processos d&#8217;impressi\u00f3 i revelat.<\/li>\n<li>El reciclatge de productes consumits (tintes, planxes, retalls de paper, etc&#8230;).<\/li>\n<li>La reutilitzaci\u00f3 de l&#8217;energia.<\/li>\n<li>L&#8217;\u00fas preferent de tintes fabricades amb oli vegetal.<\/li>\n<li>La millora de la gesti\u00f3 enfocada en pr\u00e0ctiques sostenibles.<\/li>\n<li>L&#8217;optimitzaci\u00f3 del consum de paper induint formats que optimitzin el seu aprofitament.<\/li>\n<li>L&#8217;estalvi d&#8217;Aigua.<\/li>\n<li>L&#8217;optimitzaci\u00f3 dels processos productius que minimitzin els residus.<\/li>\n<\/ul>\n<p>&#8211; <strong>Rebuig i den\u00fancia de la corrupci\u00f3<\/strong> incloent l&#8217;extorsi\u00f3 i el suborn:<\/p>\n<ul>\n<li>Mai acceptar pressions i persuasions mitjan\u00e7ant regals, atencions, pr\u00e9stecs o valors de qualsevol \u00edndole per part de ning\u00fa, rebutjant aquests.<\/li>\n<li>Mai revelar informaci\u00f3 intel\u00b7lectual o comercial d&#8217;un client amb intenci\u00f3 de beneficiar a un altre.<\/li>\n<li>Prioritzar els leg\u00edtims interessos dels clients, evitant conflictes d&#8217;inter\u00e8s i complint amb el rigor legal vigent, mantenint les relacions comercials sota els principis d&#8217;honorabilitat, lleialtat i neutralitat que ens demostrin fiables i dignes de confian\u00e7a.<\/li>\n<li>Comunicar sempre a la direcci\u00f3 qualsevol possible situaci\u00f3 de conflicte d&#8217;inter\u00e8s per tal de resoldre-la atenent als principis aqu\u00ed exposats.<\/li>\n<li>Complir amb les regulacions de compet\u00e8ncia i de antimonopoli, evitant celebrar acords amb tercers (clients, prove\u00efdors, competidors, etc &#8230;) amb \u00e0nim de transgredir-les.<\/li>\n<\/ul>\n<p>&#8211; <strong>Promoure i enaltir la professionalitat<\/strong> en les relacions comercials i de treball, basant-se aquestes en la qualitat, el tracte eficient i efectiu en pro d&#8217;aconseguir beneficiar clients i prove\u00efdors, el compliment de terminis, els preus competitius, la responsabilitat i, en definitiva , la confian\u00e7a i la lleialtat amb clients, prove\u00efdors, empleats, particulars i administracions.[\/vc_column_text][\/vc_column_inner][\/vc_row_inner][vc_row_inner equal_height=&#8221;yes&#8221; content_placement=&#8221;top&#8221; gap=&#8221;30&#8243; css=&#8221;.vc_custom_1548415355155{margin-top: 4% !important;}&#8221;][vc_column_inner el_class=&#8221;ombra border-outline&#8221; css=&#8221;.vc_custom_1548359488848{border-top-width: 5px !important;border-right-width: 5px !important;border-bottom-width: 5px !important;border-left-width: 5px !important;padding-top: 40px !important;padding-right: 40px !important;padding-bottom: 40px !important;padding-left: 40px !important;background-color: #f7f9fc !important;border-left-color: #ffffff !important;border-right-color: #ffffff !important;border-top-color: #ffffff !important;border-bottom-color: #ffffff !important;}&#8221;][vc_icon icon_fontawesome=&#8221;fa fa-check&#8221; color=&#8221;custom&#8221; background_style=&#8221;rounded&#8221; background_color=&#8221;custom&#8221; size=&#8221;xs&#8221; align=&#8221;center&#8221; custom_color=&#8221;#ffffff&#8221; custom_background_color=&#8221;#de0077&#8243; css=&#8221;.vc_custom_1548359835214{margin-top: -60px !important;margin-bottom: 20px !important;}&#8221;]<h4 class=\"vcex-module vcex-heading wpex-text-2xl wpex-font-normal wpex-m-auto wpex-max-w-100 vcex-heading-plain wpex-block wpex-text-center vc_custom_1573038370298\" style=\"font-weight:600;\"><span class=\"vcex-heading-inner wpex-inline-block wpex-clr\">Den\u00fancia<\/span><\/h4>[vc_column_text text_align=&#8221;left&#8221;][\/vc_column_text][vc_column_text text_align=&#8221;left&#8221;]\u00c9s molt important per a Alfa Printing la identificaci\u00f3 \u00e0gil i oportuna de qualsevol conducta inapropiada a l&#8217;exposat en aquest Codi de Conducta, per la qual cosa valorem positivament les den\u00fancies que ens transmetin al respecte els nostres socis comercials, clients, empleats o terceres persones.<\/p>\n<p>Atendrem efica\u00e7ment la protecci\u00f3 de la reputaci\u00f3, els interessos comercials i financers d&#8217;Alfa Printing que puguin ser menystinguts per una mala praxi de conducta, aix\u00ed com els dels seus col\u00b7laboradors i socis comercials amb els quals t\u00e9 tracte, atenent amb professionalitat, neutralitat i absoluta confidencialitat tota den\u00fancia en aquests aspectes enviant-nos un correu electr\u00f2nic amb la paraula <strong>&#8220;Den\u00fancia&#8221;<\/strong> en l&#8217;assumpte a l&#8217;adre\u00e7a <a href=\"mailto:info@alfaprinting.es\">info@alfaprinting.es<\/a> o b\u00e9 mitjan\u00e7ant carta postal a l&#8217;atenci\u00f3 del Departament Legal per Den\u00fancies a la direcci\u00f3 d&#8217;Alfa Printing, C \/ Rossell\u00f3, 52, 08940 Cornell\u00e0 de Llobregat (Barcelona), encara que aquesta no tingui remitent, amb la finalitat que disposin d&#8217;una m\u00e0xima confidencialitat.<\/p>\n<p><strong>ALFA PRINTING, S.L<\/strong><\/p>\n<p><strong>03 de febrer de 2025<\/strong>[\/vc_column_text][\/vc_column_inner][\/vc_row_inner][\/vc_column][vc_column width=&#8221;1\/6&#8243;][\/vc_column][\/vc_row]\n","protected":false},"excerpt":{"rendered":"<p>[vc_row full_width=&#8221;stretch_row&#8221; remove_bottom_col_margin=&#8221;true&#8221; css=&#8221;.vc_custom_1573033750028{margin-top: 40px !important;margin-bottom: 40px !important;padding-top: 15px !important;}&#8221;][vc_column][\/vc_column][\/vc_row][vc_row full_width=&#8221;stretch_row&#8221; remove_bottom_col_margin=&#8221;true&#8221; css=&#8221;.vc_custom_1548413015497{margin-top: 0px !important;padding-top: 0px !important;padding-bottom: 8% !important;}&#8221;][vc_column width=&#8221;1\/6&#8243;][\/vc_column][vc_column width=&#8221;4\/6&#8243;][vc_row_inner equal_height=&#8221;yes&#8221; content_placement=&#8221;top&#8221; gap=&#8221;30&#8243; css=&#8221;.vc_custom_1548415355155{margin-top: 4% !important;}&#8221;][vc_column_inner el_class=&#8221;ombra border-outline&#8221; css=&#8221;.vc_custom_1548359488848{border-top-width: 5px !important;border-right-width: 5px !important;border-bottom-width: 5px !important;border-left-width: 5px !important;padding-top: 40px !important;padding-right:&hellip;<\/p>\n","protected":false},"author":1,"featured_media":0,"parent":0,"menu_order":0,"comment_status":"closed","ping_status":"closed","template":"","meta":[],"yoast_head":"<!-- This site is optimized with the Yoast SEO plugin v15.1.1 - https:\/\/yoast.com\/wordpress\/plugins\/seo\/ -->\n<title>Codi \u00e8tic i de conducta Alfa Printing | Alfa Printing<\/title>\n<meta name=\"robots\" content=\"index, follow, max-snippet:-1, max-image-preview:large, max-video-preview:-1\" \/>\n<link rel=\"canonical\" href=\"https:\/\/www.alfaprinting.es\/ca\/codi-etic-i-de-conducta-alfa-printing\/\" \/>\n<meta property=\"og:locale\" content=\"ca_ES\" \/>\n<meta property=\"og:type\" content=\"article\" \/>\n<meta property=\"og:title\" content=\"Codi \u00e8tic i de conducta Alfa Printing | Alfa Printing\" \/>\n<meta property=\"og:description\" content=\"[vc_row full_width=&#8221;stretch_row&#8221; remove_bottom_col_margin=&#8221;true&#8221; css=&#8221;.vc_custom_1573033750028{margin-top: 40px !important;margin-bottom: 40px !important;padding-top: 15px !important;}&#8221;][vc_column][\/vc_column][\/vc_row][vc_row full_width=&#8221;stretch_row&#8221; remove_bottom_col_margin=&#8221;true&#8221; css=&#8221;.vc_custom_1548413015497{margin-top: 0px !important;padding-top: 0px !important;padding-bottom: 8% !important;}&#8221;][vc_column width=&#8221;1\/6&#8243;][\/vc_column][vc_column width=&#8221;4\/6&#8243;][vc_row_inner equal_height=&#8221;yes&#8221; content_placement=&#8221;top&#8221; gap=&#8221;30&#8243; css=&#8221;.vc_custom_1548415355155{margin-top: 4% !important;}&#8221;][vc_column_inner el_class=&#8221;ombra border-outline&#8221; css=&#8221;.vc_custom_1548359488848{border-top-width: 5px !important;border-right-width: 5px !important;border-bottom-width: 5px !important;border-left-width: 5px !important;padding-top: 40px !important;padding-right:&hellip;\" \/>\n<meta property=\"og:url\" content=\"https:\/\/www.alfaprinting.es\/ca\/codi-etic-i-de-conducta-alfa-printing\/\" \/>\n<meta property=\"og:site_name\" content=\"Alfa Printing\" \/>\n<meta property=\"article:modified_time\" content=\"2025-07-18T07:58:04+00:00\" \/>\n<meta property=\"og:image\" content=\"https:\/\/www.alfaprinting.es\/wp-content\/uploads\/2019\/01\/logo-Alfaprinting.png\" \/>\n\t<meta property=\"og:image:width\" content=\"515\" \/>\n\t<meta property=\"og:image:height\" content=\"123\" \/>\n<meta name=\"twitter:card\" content=\"summary_large_image\" \/>\n<meta name=\"twitter:creator\" content=\"@AlfaprintingBCN\" \/>\n<meta name=\"twitter:site\" content=\"@AlfaprintingBCN\" \/>\n<script type=\"application\/ld+json\" class=\"yoast-schema-graph\">{\"@context\":\"https:\/\/schema.org\",\"@graph\":[{\"@type\":\"Organization\",\"@id\":\"https:\/\/www.alfaprinting.es\/ca\/#organization\",\"name\":\"Alfa Printing\",\"url\":\"https:\/\/www.alfaprinting.es\/ca\/\",\"sameAs\":[\"https:\/\/www.linkedin.com\/in\/alfa-printing-s-l-31240653\/\",\"https:\/\/twitter.com\/AlfaprintingBCN\"],\"logo\":{\"@type\":\"ImageObject\",\"@id\":\"https:\/\/www.alfaprinting.es\/ca\/#logo\",\"inLanguage\":\"ca\",\"url\":\"https:\/\/www.alfaprinting.es\/wp-content\/uploads\/2019\/01\/logo-Alfaprinting.png\",\"width\":515,\"height\":123,\"caption\":\"Alfa Printing\"},\"image\":{\"@id\":\"https:\/\/www.alfaprinting.es\/ca\/#logo\"}},{\"@type\":\"WebSite\",\"@id\":\"https:\/\/www.alfaprinting.es\/ca\/#website\",\"url\":\"https:\/\/www.alfaprinting.es\/ca\/\",\"name\":\"Alfa Printing\",\"description\":\"Servicios de imprenta y producci\\u00f3n gr\\u00e1fica de alta calidad\",\"publisher\":{\"@id\":\"https:\/\/www.alfaprinting.es\/ca\/#organization\"},\"potentialAction\":[{\"@type\":\"SearchAction\",\"target\":\"https:\/\/www.alfaprinting.es\/ca\/?s={search_term_string}\",\"query-input\":\"required name=search_term_string\"}],\"inLanguage\":\"ca\"},{\"@type\":\"WebPage\",\"@id\":\"https:\/\/www.alfaprinting.es\/ca\/codi-etic-i-de-conducta-alfa-printing\/#webpage\",\"url\":\"https:\/\/www.alfaprinting.es\/ca\/codi-etic-i-de-conducta-alfa-printing\/\",\"name\":\"Codi \\u00e8tic i de conducta Alfa Printing | Alfa Printing\",\"isPartOf\":{\"@id\":\"https:\/\/www.alfaprinting.es\/ca\/#website\"},\"datePublished\":\"2019-11-06T10:00:06+00:00\",\"dateModified\":\"2025-07-18T07:58:04+00:00\",\"breadcrumb\":{\"@id\":\"https:\/\/www.alfaprinting.es\/ca\/codi-etic-i-de-conducta-alfa-printing\/#breadcrumb\"},\"inLanguage\":\"ca\",\"potentialAction\":[{\"@type\":\"ReadAction\",\"target\":[\"https:\/\/www.alfaprinting.es\/ca\/codi-etic-i-de-conducta-alfa-printing\/\"]}]},{\"@type\":\"BreadcrumbList\",\"@id\":\"https:\/\/www.alfaprinting.es\/ca\/codi-etic-i-de-conducta-alfa-printing\/#breadcrumb\",\"itemListElement\":[{\"@type\":\"ListItem\",\"position\":1,\"item\":{\"@type\":\"WebPage\",\"@id\":\"https:\/\/www.alfaprinting.es\/ca\/\",\"url\":\"https:\/\/www.alfaprinting.es\/ca\/\",\"name\":\"Portada\"}},{\"@type\":\"ListItem\",\"position\":2,\"item\":{\"@type\":\"WebPage\",\"@id\":\"https:\/\/www.alfaprinting.es\/ca\/codi-etic-i-de-conducta-alfa-printing\/\",\"url\":\"https:\/\/www.alfaprinting.es\/ca\/codi-etic-i-de-conducta-alfa-printing\/\",\"name\":\"Codi \\u00e8tic i de conducta Alfa Printing\"}}]}]}<\/script>\n<!-- \/ Yoast SEO plugin. -->","_links":{"self":[{"href":"https:\/\/www.alfaprinting.es\/ca\/wp-json\/wp\/v2\/pages\/2257\/"}],"collection":[{"href":"https:\/\/www.alfaprinting.es\/ca\/wp-json\/wp\/v2\/pages\/"}],"about":[{"href":"https:\/\/www.alfaprinting.es\/ca\/wp-json\/wp\/v2\/types\/page\/"}],"author":[{"embeddable":true,"href":"https:\/\/www.alfaprinting.es\/ca\/wp-json\/wp\/v2\/users\/1\/"}],"replies":[{"embeddable":true,"href":"https:\/\/www.alfaprinting.es\/ca\/wp-json\/wp\/v2\/comments\/?post=2257"}],"version-history":[{"count":9,"href":"https:\/\/www.alfaprinting.es\/ca\/wp-json\/wp\/v2\/pages\/2257\/revisions\/"}],"predecessor-version":[{"id":2880,"href":"https:\/\/www.alfaprinting.es\/ca\/wp-json\/wp\/v2\/pages\/2257\/revisions\/2880\/"}],"wp:attachment":[{"href":"https:\/\/www.alfaprinting.es\/ca\/wp-json\/wp\/v2\/media\/?parent=2257"}],"curies":[{"name":"wp","href":"https:\/\/api.w.org\/{rel}","templated":true}]}}