{"id":2335,"date":"2021-05-18T08:36:40","date_gmt":"2021-05-18T08:36:40","guid":{"rendered":"https:\/\/www.alfaprinting.es\/politica-medioambiental\/"},"modified":"2025-03-25T18:40:02","modified_gmt":"2025-03-25T18:40:02","slug":"politica-mediambiental","status":"publish","type":"page","link":"https:\/\/www.alfaprinting.es\/ca\/politica-mediambiental\/","title":{"rendered":"Pol\u00edtica Mediambiental d&#8217;Alfa Printing, S.L."},"content":{"rendered":"[vc_row full_width=&#8221;stretch_row&#8221; remove_bottom_col_margin=&#8221;true&#8221; css=&#8221;.vc_custom_1573033750028{margin-top: 40px !important;margin-bottom: 40px !important;padding-top: 15px !important;}&#8221;][vc_column]<h1 class=\"vcex-module vcex-heading wpex-text-2xl wpex-font-normal wpex-m-auto wpex-max-w-100 vcex-heading-plain wpex-block wpex-text-center vc_custom_1727952146371\" style=\"font-size:37px;\"><span class=\"vcex-heading-inner wpex-inline-block wpex-clr\">Pol\u00edtica Mediambiental d&#8217;Alfa Printing, S.L.<\/span><\/h1><div class=\"vcex-module vcex-divider-multicolor wpex-flex wpex-max-w-100 wpex-m-auto wpex-clr\" style=\"width:5%;margin-bottom:20px;\"><span class=\"wpex-flex-grow\" style=\"background:#009bdc;height:2px;\"><\/span><span class=\"wpex-flex-grow\" style=\"background:#de0077;height:2px;\"><\/span><span class=\"wpex-flex-grow\" style=\"background:#feee00;height:2px;\"><\/span><span class=\"wpex-flex-grow\" style=\"background:#000000;height:2px;\"><\/span><\/div>[\/vc_column][\/vc_row][vc_row full_width=&#8221;stretch_row&#8221; remove_bottom_col_margin=&#8221;true&#8221; css=&#8221;.vc_custom_1639432631377{margin-top: 0px !important;padding-top: 0px !important;padding-bottom: 0px !important;}&#8221;][vc_column width=&#8221;1\/6&#8243;][\/vc_column][vc_column width=&#8221;4\/6&#8243;][vc_row_inner equal_height=&#8221;yes&#8221; content_placement=&#8221;top&#8221; gap=&#8221;30&#8243; css=&#8221;.vc_custom_1548415355155{margin-top: 4% !important;}&#8221;][vc_column_inner el_class=&#8221;ombra border-outline&#8221; css=&#8221;.vc_custom_1548359488848{border-top-width: 5px !important;border-right-width: 5px !important;border-bottom-width: 5px !important;border-left-width: 5px !important;padding-top: 40px !important;padding-right: 40px !important;padding-bottom: 40px !important;padding-left: 40px !important;background-color: #f7f9fc !important;border-left-color: #ffffff !important;border-right-color: #ffffff !important;border-top-color: #ffffff !important;border-bottom-color: #ffffff !important;}&#8221;][vc_icon icon_fontawesome=&#8221;fa fa-check&#8221; color=&#8221;custom&#8221; background_style=&#8221;rounded&#8221; background_color=&#8221;custom&#8221; size=&#8221;xs&#8221; align=&#8221;center&#8221; custom_color=&#8221;#ffffff&#8221; custom_background_color=&#8221;#de0077&#8243; css=&#8221;.vc_custom_1548359835214{margin-top: -60px !important;margin-bottom: 20px !important;}&#8221;][vc_column_text text_align=&#8221;left&#8221;]ALFA PRINTING S.L. \u00e9s una empresa emmarcada en el negoci de les Arts Gr\u00e0fiques des del 2012, que s&#8217;ha posicionat entre les empreses m\u00e9s importants del sector del Baix Llobregat.<\/p>\n<p>La millora de la nostra actuaci\u00f3 mediambiental general, en totes les nostres operacions, \u00e9s una prioritat principal i cont\u00ednua que s&#8217;espera aconseguir mitjan\u00e7ant la implantaci\u00f3 i el manteniment d&#8217;un sistema de gesti\u00f3 mediambiental i el compliment d&#8217;aquesta pol\u00edtica de gesti\u00f3 mediambiental.<\/p>\n<p>ALFA PRINTING S.L. es compromet a:<\/p>\n<ol>\n<li>Que el sistema mediambiental \u00e9s adequat per al control del nostre impacte ambiental.<\/li>\n<li>Establir objectius ambientals i prendre accions per complir-los.<\/li>\n<li>Protegir el medi ambient.<\/li>\n<li>Complir la legislaci\u00f3 i totes les normes relacionades amb el nostre possible impacte mediambiental, esfor\u00e7ant-nos per assolir els nostres objectius de protecci\u00f3 i millora cont\u00ednua del medi ambient dins les Arts Gr\u00e0fiques.<\/li>\n<li>Esfor\u00e7ar-nos per minimitzar l\u2019impacte mediambiental i prevenir la contaminaci\u00f3 que puguin generar les seves activitats i en especial totes aquelles associades amb els processos de preimpressi\u00f3 i impressi\u00f3.<\/li>\n<li>Adoptar les accions necess\u00e0ries perqu\u00e8 aquesta pol\u00edtica ambiental sigui coneguda, entesa i complerta per tot el personal de l\u2019empresa, aix\u00ed com les altres parts interessades.<\/li>\n<li>Realitzar auditories mediambientals regulars de totes les nostres operacions, per assegurar que es compleixen la pol\u00edtica i els objectius i ser una organitzaci\u00f3 mediambientalment responsable.<\/li>\n<li>Establir com a prioritari assegurar que tant el consum de recursos com la generaci\u00f3 de residus associats a la nostra activitat s\u00f3n gestionats de forma \u00f2ptima i cada cop m\u00e9s eficient.<\/li>\n<li>Proporcionar a les nostres parts interessades informaci\u00f3 sobre els aspectes mediambientals pertinents.<\/li>\n<li>Realitzar la millora cont\u00ednua del sistema de gesti\u00f3 ambiental.<\/li>\n<\/ol>\n<p><strong>La Direcci\u00f3 d\u2019Alfa Printing, S.L.<\/strong><\/p>\n<p>Cornell\u00e0 de Llobregat, 30 d\u2019Abril de 2024[\/vc_column_text][\/vc_column_inner][\/vc_row_inner][\/vc_column][vc_column width=&#8221;1\/6&#8243;][\/vc_column][\/vc_row][vc_row gap=&#8221;30&#8243; equal_height=&#8221;yes&#8221; remove_bottom_col_margin=&#8221;true&#8221; css=&#8221;.vc_custom_1639431774338{margin-bottom: 8% !important;padding-top: 30px !important;}&#8221;][vc_column width=&#8221;1\/6&#8243;][\/vc_column][vc_column width=&#8221;2\/3&#8243; el_class=&#8221;ombra border-outline&#8221; css=&#8221;.vc_custom_1639431447370{border-top-width: 5px !important;border-right-width: 5px !important;border-bottom-width: 5px !important;border-left-width: 5px !important;padding-top: 40px !important;padding-right: 40px !important;padding-bottom: 40px !important;padding-left: 40px !important;background-color: #f7f9fc !important;}&#8221;][vc_icon icon_fontawesome=&#8221;fa fa-check&#8221; color=&#8221;custom&#8221; background_style=&#8221;rounded&#8221; background_color=&#8221;custom&#8221; size=&#8221;xs&#8221; align=&#8221;center&#8221; custom_color=&#8221;#ffffff&#8221; custom_background_color=&#8221;#de0077&#8243; css=&#8221;.vc_custom_1548359835214{margin-top: -60px !important;margin-bottom: 20px !important;}&#8221;]<h4 class=\"vcex-module vcex-heading wpex-text-2xl wpex-font-normal wpex-m-auto wpex-max-w-100 vcex-heading-plain wpex-block wpex-text-center vc_custom_1639432452132\" style=\"font-weight:600;\"><span class=\"vcex-heading-inner wpex-inline-block wpex-clr\">Certificats Mediambientals d\u2019Alfa Printing, S.L<\/span><\/h4>[vc_row_inner equal_height=&#8221;yes&#8221; gap=&#8221;10&#8243; remove_bottom_col_margin=&#8221;true&#8221; css=&#8221;.vc_custom_1639432274074{padding-top: 30px !important;}&#8221;][vc_column_inner offset=&#8221;vc_col-lg-1 vc_col-md-1 vc_hidden-xs&#8221;][\/vc_column_inner][vc_column_inner offset=&#8221;vc_col-lg-5 vc_col-md-5 vc_col-xs-12&#8243;]<figure class=\"vcex-image vcex-module wpex-clr textcenter\"><div class=\"vcex-image-inner wpex-inline-block wpex-relative\"><img loading=\"lazy\" class=\"wpex-align-middle\" src=\"https:\/\/www.alfaprinting.es\/wp-content\/uploads\/2021\/05\/SGS.png\" alt=\"\" width=\"200\" height=\"200\" \/><\/div><\/figure>[vc_column_text font_size=&#8221;14&#8243; line_height=&#8221;1.3&#8243; css=&#8221;.vc_custom_1639523374756{margin-bottom: 5px !important;padding-bottom: 0px !important;}&#8221;]\n<p style=\"text-align: center;\"><strong>Certificat:<br \/>\nES18-82943<\/strong><\/p>\n[\/vc_column_text][vc_column_text font_size=&#8221;14&#8243; line_height=&#8221;1.3&#8243;]\n<p style=\"text-align: center;\"><a href=\"https:\/\/www.alfaprinting.es\/wp-content\/uploads\/2025\/03\/CERTIFICADO-ISO-14001-Alfa-Printing-till-24-08-2027.pdf\" target=\"_blank\" rel=\"noopener noreferrer\">veure certificat<\/a><\/p>\n[\/vc_column_text][\/vc_column_inner][vc_column_inner offset=&#8221;vc_col-lg-5 vc_col-md-5 vc_col-xs-12&#8243;]<figure class=\"vcex-image vcex-module wpex-clr textcenter\"><div class=\"vcex-image-inner wpex-inline-block wpex-relative\"><img loading=\"lazy\" class=\"wpex-align-middle\" src=\"https:\/\/www.alfaprinting.es\/wp-content\/uploads\/2021\/12\/FSC_C143693-3.png\" alt=\"\" width=\"200\" height=\"200\" \/><\/div><\/figure>[vc_column_text font_size=&#8221;14&#8243; line_height=&#8221;1.3&#8243; css=&#8221;.vc_custom_1639523383737{margin-bottom: 5px !important;padding-bottom: 0px !important;}&#8221;]\n<p style=\"text-align: center;\"><strong>Certificat:<br \/>\nSGSCH-COC-060341<\/strong><\/p>\n[\/vc_column_text][vc_column_text font_size=&#8221;14&#8243;]\n<p style=\"text-align: center;\"><a href=\"https:\/\/www.alfaprinting.es\/wp-content\/uploads\/2024\/04\/FSC-Certificado-SGSCH-COC-060341-Alfa-Printing.pdf\" target=\"_blank\" rel=\"noopener noreferrer\">veure certificat<\/a><\/p>\n[\/vc_column_text][\/vc_column_inner][vc_column_inner offset=&#8221;vc_col-lg-1 vc_col-md-1 vc_hidden-xs&#8221;][\/vc_column_inner][\/vc_row_inner][vc_column_text css=&#8221;.vc_custom_1675685476227{margin-top: 40px !important;}&#8221; text_align=&#8221;center&#8221;]<strong>Enlla\u00e7os d\u2019inter\u00e8s:<\/strong><br \/>\n<strong>FSC:<\/strong> <a href=\"https:\/\/es.fsc.org\/es-es\/acerca-de-fsc\" target=\"_blank\" rel=\"noopener noreferrer\">https:\/\/es.fsc.org\/es-es\/acerca-de-fsc<\/a><\/p>\n<div style=\"display: none;\"><strong>PEFC:<\/strong> <a href=\"https:\/\/www.pefc.es\/pefc.html\" target=\"_blank\" rel=\"noopener noreferrer\">https:\/\/www.pefc.es\/pefc.html<\/a><\/div>\n[\/vc_column_text][\/vc_column][vc_column width=&#8221;1\/6&#8243;][\/vc_column][\/vc_row]\n","protected":false},"excerpt":{"rendered":"<p>[vc_row full_width=&#8221;stretch_row&#8221; remove_bottom_col_margin=&#8221;true&#8221; css=&#8221;.vc_custom_1573033750028{margin-top: 40px !important;margin-bottom: 40px !important;padding-top: 15px !important;}&#8221;][vc_column][\/vc_column][\/vc_row][vc_row full_width=&#8221;stretch_row&#8221; remove_bottom_col_margin=&#8221;true&#8221; css=&#8221;.vc_custom_1639432631377{margin-top: 0px !important;padding-top: 0px !important;padding-bottom: 0px !important;}&#8221;][vc_column width=&#8221;1\/6&#8243;][\/vc_column][vc_column width=&#8221;4\/6&#8243;][vc_row_inner equal_height=&#8221;yes&#8221; content_placement=&#8221;top&#8221; gap=&#8221;30&#8243; css=&#8221;.vc_custom_1548415355155{margin-top: 4% !important;}&#8221;][vc_column_inner el_class=&#8221;ombra border-outline&#8221; css=&#8221;.vc_custom_1548359488848{border-top-width: 5px !important;border-right-width: 5px !important;border-bottom-width: 5px !important;border-left-width: 5px !important;padding-top: 40px !important;padding-right:&hellip;<\/p>\n","protected":false},"author":1,"featured_media":0,"parent":0,"menu_order":0,"comment_status":"closed","ping_status":"closed","template":"","meta":[],"yoast_head":"<!-- This site is optimized with the Yoast SEO plugin v15.1.1 - https:\/\/yoast.com\/wordpress\/plugins\/seo\/ -->\n<title>Pol\u00edtica Mediambiental d&#039;Alfa Printing, S.L. | Alfa Printing<\/title>\n<meta name=\"robots\" content=\"index, follow, max-snippet:-1, max-image-preview:large, max-video-preview:-1\" \/>\n<link rel=\"canonical\" href=\"https:\/\/www.alfaprinting.es\/ca\/politica-mediambiental\/\" \/>\n<meta property=\"og:locale\" content=\"ca_ES\" \/>\n<meta property=\"og:type\" content=\"article\" \/>\n<meta property=\"og:title\" content=\"Pol\u00edtica Mediambiental d&#039;Alfa Printing, S.L. | Alfa Printing\" \/>\n<meta property=\"og:description\" content=\"[vc_row full_width=&#8221;stretch_row&#8221; remove_bottom_col_margin=&#8221;true&#8221; css=&#8221;.vc_custom_1573033750028{margin-top: 40px !important;margin-bottom: 40px !important;padding-top: 15px !important;}&#8221;][vc_column][\/vc_column][\/vc_row][vc_row full_width=&#8221;stretch_row&#8221; remove_bottom_col_margin=&#8221;true&#8221; css=&#8221;.vc_custom_1639432631377{margin-top: 0px !important;padding-top: 0px !important;padding-bottom: 0px !important;}&#8221;][vc_column width=&#8221;1\/6&#8243;][\/vc_column][vc_column width=&#8221;4\/6&#8243;][vc_row_inner equal_height=&#8221;yes&#8221; content_placement=&#8221;top&#8221; gap=&#8221;30&#8243; css=&#8221;.vc_custom_1548415355155{margin-top: 4% !important;}&#8221;][vc_column_inner el_class=&#8221;ombra border-outline&#8221; css=&#8221;.vc_custom_1548359488848{border-top-width: 5px !important;border-right-width: 5px !important;border-bottom-width: 5px !important;border-left-width: 5px !important;padding-top: 40px !important;padding-right:&hellip;\" \/>\n<meta property=\"og:url\" content=\"https:\/\/www.alfaprinting.es\/ca\/politica-mediambiental\/\" \/>\n<meta property=\"og:site_name\" content=\"Alfa Printing\" \/>\n<meta property=\"article:modified_time\" content=\"2025-03-25T18:40:02+00:00\" \/>\n<meta property=\"og:image\" content=\"https:\/\/www.alfaprinting.es\/wp-content\/uploads\/2019\/01\/logo-Alfaprinting.png\" \/>\n\t<meta property=\"og:image:width\" content=\"515\" \/>\n\t<meta property=\"og:image:height\" content=\"123\" \/>\n<meta name=\"twitter:card\" content=\"summary_large_image\" \/>\n<meta name=\"twitter:creator\" content=\"@AlfaprintingBCN\" \/>\n<meta name=\"twitter:site\" content=\"@AlfaprintingBCN\" \/>\n<script type=\"application\/ld+json\" class=\"yoast-schema-graph\">{\"@context\":\"https:\/\/schema.org\",\"@graph\":[{\"@type\":\"Organization\",\"@id\":\"https:\/\/www.alfaprinting.es\/ca\/#organization\",\"name\":\"Alfa Printing\",\"url\":\"https:\/\/www.alfaprinting.es\/ca\/\",\"sameAs\":[\"https:\/\/www.linkedin.com\/in\/alfa-printing-s-l-31240653\/\",\"https:\/\/twitter.com\/AlfaprintingBCN\"],\"logo\":{\"@type\":\"ImageObject\",\"@id\":\"https:\/\/www.alfaprinting.es\/ca\/#logo\",\"inLanguage\":\"ca\",\"url\":\"https:\/\/www.alfaprinting.es\/wp-content\/uploads\/2019\/01\/logo-Alfaprinting.png\",\"width\":515,\"height\":123,\"caption\":\"Alfa Printing\"},\"image\":{\"@id\":\"https:\/\/www.alfaprinting.es\/ca\/#logo\"}},{\"@type\":\"WebSite\",\"@id\":\"https:\/\/www.alfaprinting.es\/ca\/#website\",\"url\":\"https:\/\/www.alfaprinting.es\/ca\/\",\"name\":\"Alfa Printing\",\"description\":\"Servicios de imprenta y producci\\u00f3n gr\\u00e1fica de alta calidad\",\"publisher\":{\"@id\":\"https:\/\/www.alfaprinting.es\/ca\/#organization\"},\"potentialAction\":[{\"@type\":\"SearchAction\",\"target\":\"https:\/\/www.alfaprinting.es\/ca\/?s={search_term_string}\",\"query-input\":\"required name=search_term_string\"}],\"inLanguage\":\"ca\"},{\"@type\":\"WebPage\",\"@id\":\"https:\/\/www.alfaprinting.es\/ca\/politica-mediambiental\/#webpage\",\"url\":\"https:\/\/www.alfaprinting.es\/ca\/politica-mediambiental\/\",\"name\":\"Pol\\u00edtica Mediambiental d'Alfa Printing, S.L. | Alfa Printing\",\"isPartOf\":{\"@id\":\"https:\/\/www.alfaprinting.es\/ca\/#website\"},\"datePublished\":\"2021-05-18T08:36:40+00:00\",\"dateModified\":\"2025-03-25T18:40:02+00:00\",\"breadcrumb\":{\"@id\":\"https:\/\/www.alfaprinting.es\/ca\/politica-mediambiental\/#breadcrumb\"},\"inLanguage\":\"ca\",\"potentialAction\":[{\"@type\":\"ReadAction\",\"target\":[\"https:\/\/www.alfaprinting.es\/ca\/politica-mediambiental\/\"]}]},{\"@type\":\"BreadcrumbList\",\"@id\":\"https:\/\/www.alfaprinting.es\/ca\/politica-mediambiental\/#breadcrumb\",\"itemListElement\":[{\"@type\":\"ListItem\",\"position\":1,\"item\":{\"@type\":\"WebPage\",\"@id\":\"https:\/\/www.alfaprinting.es\/ca\/\",\"url\":\"https:\/\/www.alfaprinting.es\/ca\/\",\"name\":\"Portada\"}},{\"@type\":\"ListItem\",\"position\":2,\"item\":{\"@type\":\"WebPage\",\"@id\":\"https:\/\/www.alfaprinting.es\/ca\/politica-mediambiental\/\",\"url\":\"https:\/\/www.alfaprinting.es\/ca\/politica-mediambiental\/\",\"name\":\"Pol\\u00edtica Mediambiental d&#8217;Alfa Printing, S.L.\"}}]}]}<\/script>\n<!-- \/ Yoast SEO plugin. -->","_links":{"self":[{"href":"https:\/\/www.alfaprinting.es\/ca\/wp-json\/wp\/v2\/pages\/2335\/"}],"collection":[{"href":"https:\/\/www.alfaprinting.es\/ca\/wp-json\/wp\/v2\/pages\/"}],"about":[{"href":"https:\/\/www.alfaprinting.es\/ca\/wp-json\/wp\/v2\/types\/page\/"}],"author":[{"embeddable":true,"href":"https:\/\/www.alfaprinting.es\/ca\/wp-json\/wp\/v2\/users\/1\/"}],"replies":[{"embeddable":true,"href":"https:\/\/www.alfaprinting.es\/ca\/wp-json\/wp\/v2\/comments\/?post=2335"}],"version-history":[{"count":19,"href":"https:\/\/www.alfaprinting.es\/ca\/wp-json\/wp\/v2\/pages\/2335\/revisions\/"}],"predecessor-version":[{"id":2863,"href":"https:\/\/www.alfaprinting.es\/ca\/wp-json\/wp\/v2\/pages\/2335\/revisions\/2863\/"}],"wp:attachment":[{"href":"https:\/\/www.alfaprinting.es\/ca\/wp-json\/wp\/v2\/media\/?parent=2335"}],"curies":[{"name":"wp","href":"https:\/\/api.w.org\/{rel}","templated":true}]}}